{"id":914,"date":"2014-04-22T07:18:24","date_gmt":"2014-04-22T04:18:24","guid":{"rendered":"http:\/\/frimanresor.fi\/2019\/?page_id=914"},"modified":"2019-07-01T19:28:08","modified_gmt":"2019-07-01T16:28:08","slug":"tilausmatkat","status":"publish","type":"page","link":"https:\/\/www.frimanresor.fi\/fi\/tilausmatkat\/","title":{"rendered":"Tilausmatkat"},"content":{"rendered":"<section class=\"wpb-content-wrapper\"><p>[vc_row][vc_column][vc_column_text]Ryhm\u00e4t omine matkasuunnitelmineen voivat tilata linja-auton ja kuljettajan meilt\u00e4. Yhdistykset ja koululaisryhm\u00e4t ovat tehneet monta mukavaa matkaa linja-autojemme kyydiss\u00e4.[\/vc_column_text]<div class=\"title title--big title--underline title--decoration-bottom-left\">\n\t\t\t<div class=\"title__subtitle\">Suunnittele oma matkasi<\/div>\n\t\t<h3 class=\"title__primary\"><\/h3>\n<\/div>\n[\/vc_column][\/vc_row][vc_row][vc_column width=&#8221;1\/2&#8243;][vc_column_text]Hangon Liikenne j\u00e4rjest\u00e4\u00e4 matkoja toivomustenne mukaan. Kerro mit\u00e4 mieless\u00e4nne liikkuu, niin r\u00e4\u00e4t\u00e4l\u00f6imme teille mukavan matkan tai retken.<\/p>\n<p>Voimme tarjota suosittuja &#8221;sokkomatkoja&#8221; ja r\u00e4\u00e4t\u00e4l\u00f6imme erilaisia el\u00e4mysmatkoja. Kysy meilt\u00e4 lis\u00e4\u00e4 &#8211; kannattaa tiedustella mit\u00e4 voimme teille tarjota!<\/p>\n<p>&nbsp;<\/p>\n<h3><b>Aloita matka t\u00e4ss\u00e4 ja nyt!<\/b><\/h3>\n<p>[\/vc_column_text]<a href=\"https:\/\/www.frimanresor.fi\/fi\/pyyda-tarjous\/\" class=\"atbtn atbtn--primary atbtn--rounded\">Pyyd\u00e4 tarjous!<\/a>[\/vc_column][vc_column width=&#8221;1\/2&#8243;][vc_single_image image=&#8221;15051&#8243; img_size=&#8221;medium&#8221; alignment=&#8221;center&#8221;][\/vc_column][\/vc_row][vc_row][vc_column][vc_empty_space height=&#8221;45px&#8221;][vc_separator]<div class=\"title title--big title--underline title--decoration-bottom-left\">\n\t\t\t<div class=\"title__subtitle\">Tutustu my\u00f6s n\u00e4ihin ...<\/div>\n\t\t<h3 class=\"title__primary\"><\/h3>\n<\/div>\n[vc_basic_grid post_type=&#8221;ids&#8221; style=&#8221;lazy&#8221; items_per_page=&#8221;3&#8243; gap=&#8221;35&#8243; item=&#8221;11471&#8243; grid_id=&#8221;vc_gid:1561998410230-199a763f-03a4-7&#8243; include=&#8221;11538, 274, 154&#8243;][\/vc_column][\/vc_row]<\/p>\n<\/section>","protected":false},"excerpt":{"rendered":"<p>[vc_row][vc_column][vc_column_text]Ryhm\u00e4t omine matkasuunnitelmineen voivat tilata linja-auton ja kuljettajan meilt\u00e4. Yhdistykset ja koululaisryhm\u00e4t ovat tehneet monta mukavaa matkaa linja-autojemme kyydiss\u00e4.[\/vc_column_text][\/vc_column][\/vc_row][vc_row][vc_column width=&#8221;1\/2&#8243;][vc_column_text]Hangon Liikenne j\u00e4rjest\u00e4\u00e4 matkoja toivomustenne mukaan. Kerro mit\u00e4 mieless\u00e4nne liikkuu, niin r\u00e4\u00e4t\u00e4l\u00f6imme teille mukavan matkan tai retken. Voimme tarjota suosittuja &#8221;sokkomatkoja&#8221; ja r\u00e4\u00e4t\u00e4l\u00f6imme erilaisia el\u00e4mysmatkoja. Kysy meilt\u00e4 lis\u00e4\u00e4 &#8211; kannattaa tiedustella mit\u00e4 voimme teille tarjota! &nbsp;<\/p>\n<div class=\"padding-top text-center\"><a href=\"https:\/\/www.frimanresor.fi\/fi\/tilausmatkat\/\" class=\"atbtn atbtn--medium atbtn--rounded atbtn--transparent\">Varaa nyt<i class=\"atbtn__icon atbtn__icon--right fa fa-long-arrow-right\"><\/i><\/a><\/div>\n","protected":false},"author":1,"featured_media":0,"parent":0,"menu_order":13,"comment_status":"closed","ping_status":"open","template":"template-page-with-sidebar.php","meta":{"_expiration-date-status":"saved","_expiration-date":0,"_expiration-date-type":"","_expiration-date-categories":[],"_expiration-date-options":[]},"yoast_head":"<!-- This site is optimized with the Yoast SEO plugin v19.10 - https:\/\/yoast.com\/wordpress\/plugins\/seo\/ -->\n<title>Tilausmatkat - Frimanmatkat.fi<\/title>\n<meta name=\"robots\" content=\"index, follow, max-snippet:-1, max-image-preview:large, max-video-preview:-1\" \/>\n<link rel=\"canonical\" href=\"https:\/\/www.frimanresor.fi\/fi\/tilausmatkat\/\" \/>\n<meta property=\"og:locale\" content=\"fi_FI\" \/>\n<meta property=\"og:type\" content=\"article\" \/>\n<meta property=\"og:title\" content=\"Tilausmatkat - Frimanmatkat.fi\" \/>\n<meta property=\"og:description\" content=\"[vc_row][vc_column][vc_column_text]Ryhm\u00e4t omine matkasuunnitelmineen voivat tilata linja-auton ja kuljettajan meilt\u00e4. Yhdistykset ja koululaisryhm\u00e4t ovat tehneet monta mukavaa matkaa linja-autojemme kyydiss\u00e4.[\/vc_column_text][\/vc_column][\/vc_row][vc_row][vc_column width=&#8221;1\/2&#8243;][vc_column_text]Hangon Liikenne j\u00e4rjest\u00e4\u00e4 matkoja toivomustenne mukaan. Kerro mit\u00e4 mieless\u00e4nne liikkuu, niin r\u00e4\u00e4t\u00e4l\u00f6imme teille mukavan matkan tai retken. Voimme tarjota suosittuja &#8221;sokkomatkoja&#8221; ja r\u00e4\u00e4t\u00e4l\u00f6imme erilaisia el\u00e4mysmatkoja. Kysy meilt\u00e4 lis\u00e4\u00e4 &#8211; kannattaa tiedustella mit\u00e4 voimme teille tarjota! &nbsp;Varaa nyt\" \/>\n<meta property=\"og:url\" content=\"https:\/\/www.frimanresor.fi\/fi\/tilausmatkat\/\" \/>\n<meta property=\"og:site_name\" content=\"Frimanmatkat.fi\" \/>\n<meta property=\"article:modified_time\" content=\"2019-07-01T16:28:08+00:00\" \/>\n<meta name=\"twitter:card\" content=\"summary_large_image\" \/>\n<meta name=\"twitter:label1\" content=\"Arvioitu lukuaika\" \/>\n\t<meta name=\"twitter:data1\" content=\"1 minuutti\" \/>\n<script type=\"application\/ld+json\" class=\"yoast-schema-graph\">{\"@context\":\"https:\/\/schema.org\",\"@graph\":[{\"@type\":\"WebPage\",\"@id\":\"https:\/\/www.frimanresor.fi\/fi\/tilausmatkat\/\",\"url\":\"https:\/\/www.frimanresor.fi\/fi\/tilausmatkat\/\",\"name\":\"Tilausmatkat - Frimanmatkat.fi\",\"isPartOf\":{\"@id\":\"https:\/\/www.frimanresor.fi\/#website\"},\"datePublished\":\"2014-04-22T04:18:24+00:00\",\"dateModified\":\"2019-07-01T16:28:08+00:00\",\"breadcrumb\":{\"@id\":\"https:\/\/www.frimanresor.fi\/fi\/tilausmatkat\/#breadcrumb\"},\"inLanguage\":\"fi\",\"potentialAction\":[{\"@type\":\"ReadAction\",\"target\":[\"https:\/\/www.frimanresor.fi\/fi\/tilausmatkat\/\"]}]},{\"@type\":\"BreadcrumbList\",\"@id\":\"https:\/\/www.frimanresor.fi\/fi\/tilausmatkat\/#breadcrumb\",\"itemListElement\":[{\"@type\":\"ListItem\",\"position\":1,\"name\":\"Hem\",\"item\":\"https:\/\/www.frimanresor.fi\/fi\/\"},{\"@type\":\"ListItem\",\"position\":2,\"name\":\"Tilausmatkat\"}]},{\"@type\":\"WebSite\",\"@id\":\"https:\/\/www.frimanresor.fi\/#website\",\"url\":\"https:\/\/www.frimanresor.fi\/\",\"name\":\"Frimanmatkat.fi\",\"description\":\"Perinteit\u00e4 vaaliva moderni bussiyhti\u00f6\",\"potentialAction\":[{\"@type\":\"SearchAction\",\"target\":{\"@type\":\"EntryPoint\",\"urlTemplate\":\"https:\/\/www.frimanresor.fi\/?s={search_term_string}\"},\"query-input\":\"required name=search_term_string\"}],\"inLanguage\":\"fi\"}]}<\/script>\n<!-- \/ Yoast SEO plugin. -->","yoast_head_json":{"title":"Tilausmatkat - Frimanmatkat.fi","robots":{"index":"index","follow":"follow","max-snippet":"max-snippet:-1","max-image-preview":"max-image-preview:large","max-video-preview":"max-video-preview:-1"},"canonical":"https:\/\/www.frimanresor.fi\/fi\/tilausmatkat\/","og_locale":"fi_FI","og_type":"article","og_title":"Tilausmatkat - Frimanmatkat.fi","og_description":"[vc_row][vc_column][vc_column_text]Ryhm\u00e4t omine matkasuunnitelmineen voivat tilata linja-auton ja kuljettajan meilt\u00e4. Yhdistykset ja koululaisryhm\u00e4t ovat tehneet monta mukavaa matkaa linja-autojemme kyydiss\u00e4.[\/vc_column_text][\/vc_column][\/vc_row][vc_row][vc_column width=&#8221;1\/2&#8243;][vc_column_text]Hangon Liikenne j\u00e4rjest\u00e4\u00e4 matkoja toivomustenne mukaan. Kerro mit\u00e4 mieless\u00e4nne liikkuu, niin r\u00e4\u00e4t\u00e4l\u00f6imme teille mukavan matkan tai retken. Voimme tarjota suosittuja &#8221;sokkomatkoja&#8221; ja r\u00e4\u00e4t\u00e4l\u00f6imme erilaisia el\u00e4mysmatkoja. Kysy meilt\u00e4 lis\u00e4\u00e4 &#8211; kannattaa tiedustella mit\u00e4 voimme teille tarjota! &nbsp;Varaa nyt","og_url":"https:\/\/www.frimanresor.fi\/fi\/tilausmatkat\/","og_site_name":"Frimanmatkat.fi","article_modified_time":"2019-07-01T16:28:08+00:00","twitter_card":"summary_large_image","twitter_misc":{"Arvioitu lukuaika":"1 minuutti"},"schema":{"@context":"https:\/\/schema.org","@graph":[{"@type":"WebPage","@id":"https:\/\/www.frimanresor.fi\/fi\/tilausmatkat\/","url":"https:\/\/www.frimanresor.fi\/fi\/tilausmatkat\/","name":"Tilausmatkat - Frimanmatkat.fi","isPartOf":{"@id":"https:\/\/www.frimanresor.fi\/#website"},"datePublished":"2014-04-22T04:18:24+00:00","dateModified":"2019-07-01T16:28:08+00:00","breadcrumb":{"@id":"https:\/\/www.frimanresor.fi\/fi\/tilausmatkat\/#breadcrumb"},"inLanguage":"fi","potentialAction":[{"@type":"ReadAction","target":["https:\/\/www.frimanresor.fi\/fi\/tilausmatkat\/"]}]},{"@type":"BreadcrumbList","@id":"https:\/\/www.frimanresor.fi\/fi\/tilausmatkat\/#breadcrumb","itemListElement":[{"@type":"ListItem","position":1,"name":"Hem","item":"https:\/\/www.frimanresor.fi\/fi\/"},{"@type":"ListItem","position":2,"name":"Tilausmatkat"}]},{"@type":"WebSite","@id":"https:\/\/www.frimanresor.fi\/#website","url":"https:\/\/www.frimanresor.fi\/","name":"Frimanmatkat.fi","description":"Perinteit\u00e4 vaaliva moderni bussiyhti\u00f6","potentialAction":[{"@type":"SearchAction","target":{"@type":"EntryPoint","urlTemplate":"https:\/\/www.frimanresor.fi\/?s={search_term_string}"},"query-input":"required name=search_term_string"}],"inLanguage":"fi"}]}},"_links":{"self":[{"href":"https:\/\/www.frimanresor.fi\/fi\/wp-json\/wp\/v2\/pages\/914"}],"collection":[{"href":"https:\/\/www.frimanresor.fi\/fi\/wp-json\/wp\/v2\/pages"}],"about":[{"href":"https:\/\/www.frimanresor.fi\/fi\/wp-json\/wp\/v2\/types\/page"}],"author":[{"embeddable":true,"href":"https:\/\/www.frimanresor.fi\/fi\/wp-json\/wp\/v2\/users\/1"}],"replies":[{"embeddable":true,"href":"https:\/\/www.frimanresor.fi\/fi\/wp-json\/wp\/v2\/comments?post=914"}],"version-history":[{"count":0,"href":"https:\/\/www.frimanresor.fi\/fi\/wp-json\/wp\/v2\/pages\/914\/revisions"}],"wp:attachment":[{"href":"https:\/\/www.frimanresor.fi\/fi\/wp-json\/wp\/v2\/media?parent=914"}],"curies":[{"name":"wp","href":"https:\/\/api.w.org\/{rel}","templated":true}]}}