{"id":900,"date":"2014-04-21T19:09:46","date_gmt":"2014-04-21T16:09:46","guid":{"rendered":"http:\/\/frimanresor.fi\/2019\/?page_id=900"},"modified":"2022-08-02T08:53:10","modified_gmt":"2022-08-02T05:53:10","slug":"lappohja-tvarminne-hanko","status":"publish","type":"page","link":"https:\/\/www.frimanresor.fi\/fi\/aikataulut\/lappohja-tvarminne-hanko\/","title":{"rendered":"Lappohja &#8211; Tv\u00e4rminne &#8211; Hanko"},"content":{"rendered":"<table border=\"1\" cellspacing=\"0\" cellpadding=\"5\">\n<tbody>\n<tr bgcolor=\"#cccccc\">\n<td><\/td>\n<td><\/td>\n<td><b>M-P koulup.<\/b><\/td>\n<td><b>M-P koulup.<br \/>\n<\/b><\/td>\n<\/tr>\n<tr bgcolor=\"#FFFFFF\">\n<td bgcolor=\"#DCEEFF\">Lappohja<\/td>\n<td><img decoding=\"async\" src=\"http:\/\/frimanresor.fi\/2019\/img\/arrow_down.gif\" alt=\"\" \/><\/td>\n<td align=\"left\">07:30<b> <\/b><\/td>\n<td align=\"left\">08:30<b><br \/>\n<\/b><\/td>\n<\/tr>\n<tr bgcolor=\"#FFFFFF\">\n<td bgcolor=\"#DCEEFF\">Tv\u00e4rminne<\/td>\n<td><img decoding=\"async\" src=\"http:\/\/frimanresor.fi\/2019\/img\/arrow_down.gif\" alt=\"\" \/><\/td>\n<td align=\"left\">07:40<b> <\/b><\/td>\n<td align=\"left\">08:40<br \/>\n<b> <\/b><\/td>\n<\/tr>\n<tr bgcolor=\"#FFFFFF\">\n<td bgcolor=\"#DCEEFF\">T\u00e4ktom<\/td>\n<td><img decoding=\"async\" src=\"http:\/\/frimanresor.fi\/2019\/img\/arrow_down.gif\" alt=\"\" \/><\/td>\n<td align=\"left\">07:50<b> <\/b><\/td>\n<td align=\"left\">08:50<br \/>\n<b> <\/b><\/td>\n<\/tr>\n<tr bgcolor=\"#FFFFFF\">\n<td bgcolor=\"#DCEEFF\">Hanko<\/td>\n<td><img decoding=\"async\" src=\"http:\/\/frimanresor.fi\/2019\/img\/arrow_down.gif\" alt=\"\" \/><\/td>\n<td align=\"left\">08:05<b> <\/b><\/td>\n<td align=\"left\">09:05<\/td>\n<\/tr>\n<\/tbody>\n<\/table>\n<p>&nbsp;<\/p>\n<table border=\"0\" width=\"100%\" cellspacing=\"0\" cellpadding=\"5\">\n<tbody>\n<tr>\n<td colspan=\"2\">Voimassa 16.8.2022 alkaen<\/td>\n<\/tr>\n<tr>\n<td><b>M-P<\/b><\/td>\n<td>Maanantai &#8211; Perjantai<\/td>\n<\/tr>\n<tr>\n<td><b>Koulup.<\/b><\/td>\n<td>Koulup\u00e4ivin\u00e4<\/td>\n<\/tr>\n<tr>\n<td colspan=\"2\">Lappohjan ajat ovat S\u00e5garsista jos ei muuta mainita<br \/>\nKaikki vuorot ajavat reitti\u00e4 Satamatie &#8211; Hietaniementie<\/td>\n<\/tr>\n<\/tbody>\n<\/table>\n","protected":false},"excerpt":{"rendered":"<p>M-P koulup. M-P koulup. Lappohja 07:30 08:30 Tv\u00e4rminne 07:40 08:40 T\u00e4ktom 07:50 08:50 Hanko 08:05 09:05 &nbsp; Voimassa 16.8.2022 alkaen M-P Maanantai &#8211; Perjantai Koulup. Koulup\u00e4ivin\u00e4 Lappohjan ajat ovat S\u00e5garsista jos ei muuta mainita Kaikki vuorot ajavat reitti\u00e4 Satamatie &#8211; Hietaniementie<\/p>\n","protected":false},"author":1,"featured_media":0,"parent":786,"menu_order":82,"comment_status":"closed","ping_status":"open","template":"template-boxed.php","meta":{"_expiration-date-status":"saved","_expiration-date":0,"_expiration-date-type":"","_expiration-date-categories":[],"_expiration-date-options":[]},"yoast_head":"<!-- This site is optimized with the Yoast SEO plugin v19.10 - https:\/\/yoast.com\/wordpress\/plugins\/seo\/ -->\n<title>Lappohja - Tv\u00e4rminne - Hanko - Aikataulut - Frimanmatkat.fi<\/title>\n<meta name=\"robots\" content=\"index, follow, max-snippet:-1, max-image-preview:large, max-video-preview:-1\" \/>\n<link rel=\"canonical\" href=\"https:\/\/www.frimanresor.fi\/fi\/aikataulut\/lappohja-tvarminne-hanko\/\" \/>\n<meta property=\"og:locale\" content=\"fi_FI\" \/>\n<meta property=\"og:type\" content=\"article\" \/>\n<meta property=\"og:title\" content=\"Lappohja - Tv\u00e4rminne - Hanko - Aikataulut - Frimanmatkat.fi\" \/>\n<meta property=\"og:description\" content=\"M-P koulup. M-P koulup. Lappohja 07:30 08:30 Tv\u00e4rminne 07:40 08:40 T\u00e4ktom 07:50 08:50 Hanko 08:05 09:05 &nbsp; Voimassa 16.8.2022 alkaen M-P Maanantai &#8211; Perjantai Koulup. Koulup\u00e4ivin\u00e4 Lappohjan ajat ovat S\u00e5garsista jos ei muuta mainita Kaikki vuorot ajavat reitti\u00e4 Satamatie &#8211; Hietaniementie\" \/>\n<meta property=\"og:url\" content=\"https:\/\/www.frimanresor.fi\/fi\/aikataulut\/lappohja-tvarminne-hanko\/\" \/>\n<meta property=\"og:site_name\" content=\"Frimanmatkat.fi\" \/>\n<meta property=\"article:modified_time\" content=\"2022-08-02T05:53:10+00:00\" \/>\n<meta property=\"og:image\" content=\"http:\/\/frimanresor.fi\/2019\/img\/arrow_down.gif\" \/>\n<meta name=\"twitter:card\" content=\"summary_large_image\" \/>\n<script type=\"application\/ld+json\" class=\"yoast-schema-graph\">{\"@context\":\"https:\/\/schema.org\",\"@graph\":[{\"@type\":\"WebPage\",\"@id\":\"https:\/\/www.frimanresor.fi\/fi\/aikataulut\/lappohja-tvarminne-hanko\/\",\"url\":\"https:\/\/www.frimanresor.fi\/fi\/aikataulut\/lappohja-tvarminne-hanko\/\",\"name\":\"Lappohja - Tv\u00e4rminne - Hanko - Aikataulut - Frimanmatkat.fi\",\"isPartOf\":{\"@id\":\"https:\/\/www.frimanresor.fi\/#website\"},\"datePublished\":\"2014-04-21T16:09:46+00:00\",\"dateModified\":\"2022-08-02T05:53:10+00:00\",\"breadcrumb\":{\"@id\":\"https:\/\/www.frimanresor.fi\/fi\/aikataulut\/lappohja-tvarminne-hanko\/#breadcrumb\"},\"inLanguage\":\"fi\",\"potentialAction\":[{\"@type\":\"ReadAction\",\"target\":[\"https:\/\/www.frimanresor.fi\/fi\/aikataulut\/lappohja-tvarminne-hanko\/\"]}]},{\"@type\":\"BreadcrumbList\",\"@id\":\"https:\/\/www.frimanresor.fi\/fi\/aikataulut\/lappohja-tvarminne-hanko\/#breadcrumb\",\"itemListElement\":[{\"@type\":\"ListItem\",\"position\":1,\"name\":\"Hem\",\"item\":\"https:\/\/www.frimanresor.fi\/fi\/\"},{\"@type\":\"ListItem\",\"position\":2,\"name\":\"Aikataulut\",\"item\":\"https:\/\/www.frimanresor.fi\/fi\/aikataulut\/\"},{\"@type\":\"ListItem\",\"position\":3,\"name\":\"Lappohja &#8211; Tv\u00e4rminne &#8211; Hanko\"}]},{\"@type\":\"WebSite\",\"@id\":\"https:\/\/www.frimanresor.fi\/#website\",\"url\":\"https:\/\/www.frimanresor.fi\/\",\"name\":\"Frimanmatkat.fi\",\"description\":\"Perinteit\u00e4 vaaliva moderni bussiyhti\u00f6\",\"potentialAction\":[{\"@type\":\"SearchAction\",\"target\":{\"@type\":\"EntryPoint\",\"urlTemplate\":\"https:\/\/www.frimanresor.fi\/?s={search_term_string}\"},\"query-input\":\"required name=search_term_string\"}],\"inLanguage\":\"fi\"}]}<\/script>\n<!-- \/ Yoast SEO plugin. -->","yoast_head_json":{"title":"Lappohja - Tv\u00e4rminne - Hanko - Aikataulut - Frimanmatkat.fi","robots":{"index":"index","follow":"follow","max-snippet":"max-snippet:-1","max-image-preview":"max-image-preview:large","max-video-preview":"max-video-preview:-1"},"canonical":"https:\/\/www.frimanresor.fi\/fi\/aikataulut\/lappohja-tvarminne-hanko\/","og_locale":"fi_FI","og_type":"article","og_title":"Lappohja - Tv\u00e4rminne - Hanko - Aikataulut - Frimanmatkat.fi","og_description":"M-P koulup. M-P koulup. Lappohja 07:30 08:30 Tv\u00e4rminne 07:40 08:40 T\u00e4ktom 07:50 08:50 Hanko 08:05 09:05 &nbsp; Voimassa 16.8.2022 alkaen M-P Maanantai &#8211; Perjantai Koulup. Koulup\u00e4ivin\u00e4 Lappohjan ajat ovat S\u00e5garsista jos ei muuta mainita Kaikki vuorot ajavat reitti\u00e4 Satamatie &#8211; Hietaniementie","og_url":"https:\/\/www.frimanresor.fi\/fi\/aikataulut\/lappohja-tvarminne-hanko\/","og_site_name":"Frimanmatkat.fi","article_modified_time":"2022-08-02T05:53:10+00:00","og_image":[{"url":"http:\/\/frimanresor.fi\/2019\/img\/arrow_down.gif"}],"twitter_card":"summary_large_image","schema":{"@context":"https:\/\/schema.org","@graph":[{"@type":"WebPage","@id":"https:\/\/www.frimanresor.fi\/fi\/aikataulut\/lappohja-tvarminne-hanko\/","url":"https:\/\/www.frimanresor.fi\/fi\/aikataulut\/lappohja-tvarminne-hanko\/","name":"Lappohja - Tv\u00e4rminne - Hanko - Aikataulut - Frimanmatkat.fi","isPartOf":{"@id":"https:\/\/www.frimanresor.fi\/#website"},"datePublished":"2014-04-21T16:09:46+00:00","dateModified":"2022-08-02T05:53:10+00:00","breadcrumb":{"@id":"https:\/\/www.frimanresor.fi\/fi\/aikataulut\/lappohja-tvarminne-hanko\/#breadcrumb"},"inLanguage":"fi","potentialAction":[{"@type":"ReadAction","target":["https:\/\/www.frimanresor.fi\/fi\/aikataulut\/lappohja-tvarminne-hanko\/"]}]},{"@type":"BreadcrumbList","@id":"https:\/\/www.frimanresor.fi\/fi\/aikataulut\/lappohja-tvarminne-hanko\/#breadcrumb","itemListElement":[{"@type":"ListItem","position":1,"name":"Hem","item":"https:\/\/www.frimanresor.fi\/fi\/"},{"@type":"ListItem","position":2,"name":"Aikataulut","item":"https:\/\/www.frimanresor.fi\/fi\/aikataulut\/"},{"@type":"ListItem","position":3,"name":"Lappohja &#8211; Tv\u00e4rminne &#8211; Hanko"}]},{"@type":"WebSite","@id":"https:\/\/www.frimanresor.fi\/#website","url":"https:\/\/www.frimanresor.fi\/","name":"Frimanmatkat.fi","description":"Perinteit\u00e4 vaaliva moderni bussiyhti\u00f6","potentialAction":[{"@type":"SearchAction","target":{"@type":"EntryPoint","urlTemplate":"https:\/\/www.frimanresor.fi\/?s={search_term_string}"},"query-input":"required name=search_term_string"}],"inLanguage":"fi"}]}},"_links":{"self":[{"href":"https:\/\/www.frimanresor.fi\/fi\/wp-json\/wp\/v2\/pages\/900"}],"collection":[{"href":"https:\/\/www.frimanresor.fi\/fi\/wp-json\/wp\/v2\/pages"}],"about":[{"href":"https:\/\/www.frimanresor.fi\/fi\/wp-json\/wp\/v2\/types\/page"}],"author":[{"embeddable":true,"href":"https:\/\/www.frimanresor.fi\/fi\/wp-json\/wp\/v2\/users\/1"}],"replies":[{"embeddable":true,"href":"https:\/\/www.frimanresor.fi\/fi\/wp-json\/wp\/v2\/comments?post=900"}],"version-history":[{"count":5,"href":"https:\/\/www.frimanresor.fi\/fi\/wp-json\/wp\/v2\/pages\/900\/revisions"}],"predecessor-version":[{"id":17173,"href":"https:\/\/www.frimanresor.fi\/fi\/wp-json\/wp\/v2\/pages\/900\/revisions\/17173"}],"up":[{"embeddable":true,"href":"https:\/\/www.frimanresor.fi\/fi\/wp-json\/wp\/v2\/pages\/786"}],"wp:attachment":[{"href":"https:\/\/www.frimanresor.fi\/fi\/wp-json\/wp\/v2\/media?parent=900"}],"curies":[{"name":"wp","href":"https:\/\/api.w.org\/{rel}","templated":true}]}}