{"id":892,"date":"2014-04-21T19:01:25","date_gmt":"2014-04-21T16:01:25","guid":{"rendered":"http:\/\/frimanresor.fi\/2019\/?page_id=892"},"modified":"2024-08-13T14:41:24","modified_gmt":"2024-08-13T11:41:24","slug":"hanko-lappohja-tie-25","status":"publish","type":"page","link":"https:\/\/www.frimanresor.fi\/fi\/aikataulut\/hanko-lappohja-tie-25\/","title":{"rendered":"Hanko &#8211; Lappohja (tie 25)"},"content":{"rendered":"<table border=\"1\" cellspacing=\"0\" cellpadding=\"5\">\n<tbody>\n<tr bgcolor=\"#cccccc\">\n<td><\/td>\n<td><\/td>\n<td><b>M-P+<\/b><\/td>\n<td><b>M-P+<\/b><\/td>\n<\/tr>\n<tr bgcolor=\"#FFFFFF\">\n<td bgcolor=\"#DCEEFF\">Hanko<\/td>\n<td><img decoding=\"async\" src=\"http:\/\/frimanresor.fi\/2019\/img\/arrow_down.gif\" alt=\"\" \/><\/td>\n<td align=\"left\">07:07<b> <sup>1<\/sup><\/b><\/td>\n<td align=\"left\">6:15<\/td>\n<\/tr>\n<tr bgcolor=\"#FFFFFF\">\n<td bgcolor=\"#DCEEFF\">Krogars<\/td>\n<td><img decoding=\"async\" src=\"http:\/\/frimanresor.fi\/2019\/img\/arrow_down.gif\" alt=\"\" \/><\/td>\n<td align=\"left\">07:20<b> <\/b><\/td>\n<td align=\"left\">6:25<\/td>\n<\/tr>\n<tr bgcolor=\"#FFFFFF\">\n<td bgcolor=\"#DCEEFF\">Lappohja<\/td>\n<td><img decoding=\"async\" src=\"http:\/\/frimanresor.fi\/2019\/img\/arrow_down.gif\" alt=\"\" \/><\/td>\n<td align=\"left\">07:25<\/td>\n<td align=\"left\">6:30 \u00f6<\/td>\n<\/tr>\n<\/tbody>\n<\/table>\n<p>&nbsp;<\/p>\n<table border=\"0\" width=\"100%\" cellspacing=\"0\" cellpadding=\"5\">\n<tbody>\n<tr>\n<td colspan=\"2\">Voimassa 13.8.2024 alkaen<\/td>\n<\/tr>\n<tr>\n<td><b>1<\/b><\/td>\n<td>Esplanaadin ja Halmstadinkadun kulmasta, ajaa Esplanaadia pitkin<\/td>\n<\/tr>\n<tr>\n<td><b>\u00f6<\/b><\/td>\n<td>\u00d6byn tienhaaran pys\u00e4kki<\/td>\n<\/tr>\n<tr>\n<td><b>M-P +<\/b><\/td>\n<td>Maanantai-Perjantai kouluvuoden aikana<\/td>\n<\/tr>\n<tr>\n<td colspan=\"2\">Lappohjan ajat ovat S\u00e5garsista jos ei muuta mainita<\/td>\n<\/tr>\n<\/tbody>\n<\/table>\n","protected":false},"excerpt":{"rendered":"<p>M-P+ M-P+ Hanko 07:07 1 6:15 Krogars 07:20 6:25 Lappohja 07:25 6:30 \u00f6 &nbsp; Voimassa 13.8.2024 alkaen 1 Esplanaadin ja Halmstadinkadun kulmasta, ajaa Esplanaadia pitkin \u00f6 \u00d6byn tienhaaran pys\u00e4kki M-P + Maanantai-Perjantai kouluvuoden aikana Lappohjan ajat ovat S\u00e5garsista jos ei muuta mainita<\/p>\n","protected":false},"author":1,"featured_media":0,"parent":786,"menu_order":75,"comment_status":"open","ping_status":"open","template":"template-boxed.php","meta":{"_expiration-date-status":"saved","_expiration-date":0,"_expiration-date-type":"","_expiration-date-categories":[],"_expiration-date-options":[]},"yoast_head":"<!-- This site is optimized with the Yoast SEO plugin v19.10 - https:\/\/yoast.com\/wordpress\/plugins\/seo\/ -->\n<title>Hanko - Lappohja (tie 25) - Aikataulut - Frimanmatkat.fi<\/title>\n<meta name=\"robots\" content=\"index, follow, max-snippet:-1, max-image-preview:large, max-video-preview:-1\" \/>\n<link rel=\"canonical\" href=\"https:\/\/www.frimanresor.fi\/fi\/aikataulut\/hanko-lappohja-tie-25\/\" \/>\n<meta property=\"og:locale\" content=\"fi_FI\" \/>\n<meta property=\"og:type\" content=\"article\" \/>\n<meta property=\"og:title\" content=\"Hanko - Lappohja (tie 25) - Aikataulut - Frimanmatkat.fi\" \/>\n<meta property=\"og:description\" content=\"M-P+ M-P+ Hanko 07:07 1 6:15 Krogars 07:20 6:25 Lappohja 07:25 6:30 \u00f6 &nbsp; Voimassa 13.8.2024 alkaen 1 Esplanaadin ja Halmstadinkadun kulmasta, ajaa Esplanaadia pitkin \u00f6 \u00d6byn tienhaaran pys\u00e4kki M-P + Maanantai-Perjantai kouluvuoden aikana Lappohjan ajat ovat S\u00e5garsista jos ei muuta mainita\" \/>\n<meta property=\"og:url\" content=\"https:\/\/www.frimanresor.fi\/fi\/aikataulut\/hanko-lappohja-tie-25\/\" \/>\n<meta property=\"og:site_name\" content=\"Frimanmatkat.fi\" \/>\n<meta property=\"article:modified_time\" content=\"2024-08-13T11:41:24+00:00\" \/>\n<meta property=\"og:image\" content=\"http:\/\/frimanresor.fi\/2019\/img\/arrow_down.gif\" \/>\n<meta name=\"twitter:card\" content=\"summary_large_image\" \/>\n<meta name=\"twitter:label1\" content=\"Arvioitu lukuaika\" \/>\n\t<meta name=\"twitter:data1\" content=\"1 minuutti\" \/>\n<script type=\"application\/ld+json\" class=\"yoast-schema-graph\">{\"@context\":\"https:\/\/schema.org\",\"@graph\":[{\"@type\":\"WebPage\",\"@id\":\"https:\/\/www.frimanresor.fi\/fi\/aikataulut\/hanko-lappohja-tie-25\/\",\"url\":\"https:\/\/www.frimanresor.fi\/fi\/aikataulut\/hanko-lappohja-tie-25\/\",\"name\":\"Hanko - Lappohja (tie 25) - Aikataulut - Frimanmatkat.fi\",\"isPartOf\":{\"@id\":\"https:\/\/www.frimanresor.fi\/#website\"},\"datePublished\":\"2014-04-21T16:01:25+00:00\",\"dateModified\":\"2024-08-13T11:41:24+00:00\",\"breadcrumb\":{\"@id\":\"https:\/\/www.frimanresor.fi\/fi\/aikataulut\/hanko-lappohja-tie-25\/#breadcrumb\"},\"inLanguage\":\"fi\",\"potentialAction\":[{\"@type\":\"ReadAction\",\"target\":[\"https:\/\/www.frimanresor.fi\/fi\/aikataulut\/hanko-lappohja-tie-25\/\"]}]},{\"@type\":\"BreadcrumbList\",\"@id\":\"https:\/\/www.frimanresor.fi\/fi\/aikataulut\/hanko-lappohja-tie-25\/#breadcrumb\",\"itemListElement\":[{\"@type\":\"ListItem\",\"position\":1,\"name\":\"Hem\",\"item\":\"https:\/\/www.frimanresor.fi\/fi\/\"},{\"@type\":\"ListItem\",\"position\":2,\"name\":\"Aikataulut\",\"item\":\"https:\/\/www.frimanresor.fi\/fi\/aikataulut\/\"},{\"@type\":\"ListItem\",\"position\":3,\"name\":\"Hanko &#8211; Lappohja (tie 25)\"}]},{\"@type\":\"WebSite\",\"@id\":\"https:\/\/www.frimanresor.fi\/#website\",\"url\":\"https:\/\/www.frimanresor.fi\/\",\"name\":\"Frimanmatkat.fi\",\"description\":\"Perinteit\u00e4 vaaliva moderni bussiyhti\u00f6\",\"potentialAction\":[{\"@type\":\"SearchAction\",\"target\":{\"@type\":\"EntryPoint\",\"urlTemplate\":\"https:\/\/www.frimanresor.fi\/?s={search_term_string}\"},\"query-input\":\"required name=search_term_string\"}],\"inLanguage\":\"fi\"}]}<\/script>\n<!-- \/ Yoast SEO plugin. -->","yoast_head_json":{"title":"Hanko - Lappohja (tie 25) - Aikataulut - Frimanmatkat.fi","robots":{"index":"index","follow":"follow","max-snippet":"max-snippet:-1","max-image-preview":"max-image-preview:large","max-video-preview":"max-video-preview:-1"},"canonical":"https:\/\/www.frimanresor.fi\/fi\/aikataulut\/hanko-lappohja-tie-25\/","og_locale":"fi_FI","og_type":"article","og_title":"Hanko - Lappohja (tie 25) - Aikataulut - Frimanmatkat.fi","og_description":"M-P+ M-P+ Hanko 07:07 1 6:15 Krogars 07:20 6:25 Lappohja 07:25 6:30 \u00f6 &nbsp; Voimassa 13.8.2024 alkaen 1 Esplanaadin ja Halmstadinkadun kulmasta, ajaa Esplanaadia pitkin \u00f6 \u00d6byn tienhaaran pys\u00e4kki M-P + Maanantai-Perjantai kouluvuoden aikana Lappohjan ajat ovat S\u00e5garsista jos ei muuta mainita","og_url":"https:\/\/www.frimanresor.fi\/fi\/aikataulut\/hanko-lappohja-tie-25\/","og_site_name":"Frimanmatkat.fi","article_modified_time":"2024-08-13T11:41:24+00:00","og_image":[{"url":"http:\/\/frimanresor.fi\/2019\/img\/arrow_down.gif"}],"twitter_card":"summary_large_image","twitter_misc":{"Arvioitu lukuaika":"1 minuutti"},"schema":{"@context":"https:\/\/schema.org","@graph":[{"@type":"WebPage","@id":"https:\/\/www.frimanresor.fi\/fi\/aikataulut\/hanko-lappohja-tie-25\/","url":"https:\/\/www.frimanresor.fi\/fi\/aikataulut\/hanko-lappohja-tie-25\/","name":"Hanko - Lappohja (tie 25) - Aikataulut - Frimanmatkat.fi","isPartOf":{"@id":"https:\/\/www.frimanresor.fi\/#website"},"datePublished":"2014-04-21T16:01:25+00:00","dateModified":"2024-08-13T11:41:24+00:00","breadcrumb":{"@id":"https:\/\/www.frimanresor.fi\/fi\/aikataulut\/hanko-lappohja-tie-25\/#breadcrumb"},"inLanguage":"fi","potentialAction":[{"@type":"ReadAction","target":["https:\/\/www.frimanresor.fi\/fi\/aikataulut\/hanko-lappohja-tie-25\/"]}]},{"@type":"BreadcrumbList","@id":"https:\/\/www.frimanresor.fi\/fi\/aikataulut\/hanko-lappohja-tie-25\/#breadcrumb","itemListElement":[{"@type":"ListItem","position":1,"name":"Hem","item":"https:\/\/www.frimanresor.fi\/fi\/"},{"@type":"ListItem","position":2,"name":"Aikataulut","item":"https:\/\/www.frimanresor.fi\/fi\/aikataulut\/"},{"@type":"ListItem","position":3,"name":"Hanko &#8211; Lappohja (tie 25)"}]},{"@type":"WebSite","@id":"https:\/\/www.frimanresor.fi\/#website","url":"https:\/\/www.frimanresor.fi\/","name":"Frimanmatkat.fi","description":"Perinteit\u00e4 vaaliva moderni bussiyhti\u00f6","potentialAction":[{"@type":"SearchAction","target":{"@type":"EntryPoint","urlTemplate":"https:\/\/www.frimanresor.fi\/?s={search_term_string}"},"query-input":"required name=search_term_string"}],"inLanguage":"fi"}]}},"_links":{"self":[{"href":"https:\/\/www.frimanresor.fi\/fi\/wp-json\/wp\/v2\/pages\/892"}],"collection":[{"href":"https:\/\/www.frimanresor.fi\/fi\/wp-json\/wp\/v2\/pages"}],"about":[{"href":"https:\/\/www.frimanresor.fi\/fi\/wp-json\/wp\/v2\/types\/page"}],"author":[{"embeddable":true,"href":"https:\/\/www.frimanresor.fi\/fi\/wp-json\/wp\/v2\/users\/1"}],"replies":[{"embeddable":true,"href":"https:\/\/www.frimanresor.fi\/fi\/wp-json\/wp\/v2\/comments?post=892"}],"version-history":[{"count":5,"href":"https:\/\/www.frimanresor.fi\/fi\/wp-json\/wp\/v2\/pages\/892\/revisions"}],"predecessor-version":[{"id":17904,"href":"https:\/\/www.frimanresor.fi\/fi\/wp-json\/wp\/v2\/pages\/892\/revisions\/17904"}],"up":[{"embeddable":true,"href":"https:\/\/www.frimanresor.fi\/fi\/wp-json\/wp\/v2\/pages\/786"}],"wp:attachment":[{"href":"https:\/\/www.frimanresor.fi\/fi\/wp-json\/wp\/v2\/media?parent=892"}],"curies":[{"name":"wp","href":"https:\/\/api.w.org\/{rel}","templated":true}]}}