{"id":870,"date":"2014-04-21T17:08:59","date_gmt":"2014-04-21T14:08:59","guid":{"rendered":"http:\/\/frimanresor.fi\/2019\/?page_id=870"},"modified":"2018-12-09T01:50:54","modified_gmt":"2018-12-08T23:50:54","slug":"linja-automme","status":"publish","type":"page","link":"https:\/\/www.frimanresor.fi\/fi\/tietoa-meista\/linja-automme\/","title":{"rendered":"Linja-automme"},"content":{"rendered":"<section class=\"wpb-content-wrapper\"><p>[vc_row][vc_column width=&#8221;1\/2&#8243;][vc_column_text]Linja-autoja on t\u00e4n\u00e4 p\u00e4iv\u00e4n\u00e4 yhteens\u00e4 kahdeksan. Kalusto on korkeatasoinen ja uudenaikainen. Pienimm\u00e4ss\u00e4 linja-autossa on 19 paikkaa ja suurimmassa 50. Kaikki linja-autot 1971 &#8221;vanhusta&#8221; lukuunottamatta ovat varustettu ilmastointilaitteilla.[\/vc_column_text][\/vc_column][vc_column width=&#8221;1\/2&#8243;][\/vc_column][\/vc_row][vc_row][vc_column][vc_single_image image=&#8221;14112&#8243; img_size=&#8221;large&#8221; add_caption=&#8221;yes&#8221;][vc_single_image image=&#8221;14100&#8243; img_size=&#8221;large&#8221; add_caption=&#8221;yes&#8221;][vc_single_image image=&#8221;14124&#8243; img_size=&#8221;large&#8221; add_caption=&#8221;yes&#8221;][vc_single_image image=&#8221;14104&#8243; img_size=&#8221;large&#8221; add_caption=&#8221;yes&#8221;][vc_single_image image=&#8221;14116&#8243; img_size=&#8221;large&#8221; add_caption=&#8221;yes&#8221;][vc_single_image image=&#8221;14120&#8243; img_size=&#8221;large&#8221; add_caption=&#8221;yes&#8221;][vc_single_image image=&#8221;14108&#8243; img_size=&#8221;large&#8221; add_caption=&#8221;yes&#8221;][vc_empty_space height=&#8221;45px&#8221;][\/vc_column][\/vc_row][vc_row][vc_column]<div class=\"title title--big title--underline title--decoration-bottom-left\">\n\t\t\t<div class=\"title__subtitle\">Tutustu my\u00f6s n\u00e4ihin...<\/div>\n\t\t<h3 class=\"title__primary\"><\/h3>\n<\/div>\n[vc_basic_grid post_type=&#8221;ids&#8221; style=&#8221;lazy&#8221; items_per_page=&#8221;4&#8243; element_width=&#8221;3&#8243; gap=&#8221;35&#8243; item=&#8221;11471&#8243; grid_id=&#8221;vc_gid:1544312575751-ef606139-9017-3&#8243; include=&#8221;11538, 29, 159, 154&#8243;][\/vc_column][\/vc_row]<\/p>\n<\/section>","protected":false},"excerpt":{"rendered":"<p>Linja-autoja on t\u00e4n\u00e4 p\u00e4iv\u00e4n\u00e4 yhteens\u00e4 kahdeksan. Kalusto on korkeatasoinen ja uudenaikainen. Pienimm\u00e4ss\u00e4 linja-autossa on 19 paikkaa ja suurimmassa 50.<\/p>\n","protected":false},"author":1,"featured_media":11720,"parent":11817,"menu_order":97,"comment_status":"open","ping_status":"open","template":"","meta":{"_expiration-date-status":"","_expiration-date":0,"_expiration-date-type":"","_expiration-date-categories":[],"_expiration-date-options":[]},"yoast_head":"<!-- This site is optimized with the Yoast SEO plugin v19.10 - https:\/\/yoast.com\/wordpress\/plugins\/seo\/ -->\n<title>Linja-automme - Tietoa Friman matkoista - Frimanmatkat.fi<\/title>\n<meta name=\"robots\" content=\"index, follow, max-snippet:-1, max-image-preview:large, max-video-preview:-1\" \/>\n<link rel=\"canonical\" href=\"https:\/\/www.frimanresor.fi\/fi\/tietoa-meista\/linja-automme\/\" \/>\n<meta property=\"og:locale\" content=\"fi_FI\" \/>\n<meta property=\"og:type\" content=\"article\" \/>\n<meta property=\"og:title\" content=\"Linja-automme - Tietoa Friman matkoista - Frimanmatkat.fi\" \/>\n<meta property=\"og:description\" content=\"Linja-autoja on t\u00e4n\u00e4 p\u00e4iv\u00e4n\u00e4 yhteens\u00e4 kahdeksan. Kalusto on korkeatasoinen ja uudenaikainen. Pienimm\u00e4ss\u00e4 linja-autossa on 19 paikkaa ja suurimmassa 50.\" \/>\n<meta property=\"og:url\" content=\"https:\/\/www.frimanresor.fi\/fi\/tietoa-meista\/linja-automme\/\" \/>\n<meta property=\"og:site_name\" content=\"Frimanmatkat.fi\" \/>\n<meta property=\"article:modified_time\" content=\"2018-12-08T23:50:54+00:00\" \/>\n<meta property=\"og:image\" content=\"https:\/\/www.frimanresor.fi\/2019\/wp-content\/uploads\/2014\/03\/buss_8an.jpg\" \/>\n\t<meta property=\"og:image:width\" content=\"1024\" \/>\n\t<meta property=\"og:image:height\" content=\"728\" \/>\n\t<meta property=\"og:image:type\" content=\"image\/jpeg\" \/>\n<meta name=\"twitter:card\" content=\"summary_large_image\" \/>\n<meta name=\"twitter:label1\" content=\"Arvioitu lukuaika\" \/>\n\t<meta name=\"twitter:data1\" content=\"1 minuutti\" \/>\n<script type=\"application\/ld+json\" class=\"yoast-schema-graph\">{\"@context\":\"https:\/\/schema.org\",\"@graph\":[{\"@type\":\"WebPage\",\"@id\":\"https:\/\/www.frimanresor.fi\/fi\/tietoa-meista\/linja-automme\/\",\"url\":\"https:\/\/www.frimanresor.fi\/fi\/tietoa-meista\/linja-automme\/\",\"name\":\"Linja-automme - Tietoa Friman matkoista - Frimanmatkat.fi\",\"isPartOf\":{\"@id\":\"https:\/\/www.frimanresor.fi\/#website\"},\"datePublished\":\"2014-04-21T14:08:59+00:00\",\"dateModified\":\"2018-12-08T23:50:54+00:00\",\"breadcrumb\":{\"@id\":\"https:\/\/www.frimanresor.fi\/fi\/tietoa-meista\/linja-automme\/#breadcrumb\"},\"inLanguage\":\"fi\",\"potentialAction\":[{\"@type\":\"ReadAction\",\"target\":[\"https:\/\/www.frimanresor.fi\/fi\/tietoa-meista\/linja-automme\/\"]}]},{\"@type\":\"BreadcrumbList\",\"@id\":\"https:\/\/www.frimanresor.fi\/fi\/tietoa-meista\/linja-automme\/#breadcrumb\",\"itemListElement\":[{\"@type\":\"ListItem\",\"position\":1,\"name\":\"Hem\",\"item\":\"https:\/\/www.frimanresor.fi\/fi\/\"},{\"@type\":\"ListItem\",\"position\":2,\"name\":\"Tietoa Friman matkoista\",\"item\":\"https:\/\/www.frimanresor.fi\/fi\/tietoa-meista\/\"},{\"@type\":\"ListItem\",\"position\":3,\"name\":\"Linja-automme\"}]},{\"@type\":\"WebSite\",\"@id\":\"https:\/\/www.frimanresor.fi\/#website\",\"url\":\"https:\/\/www.frimanresor.fi\/\",\"name\":\"Frimanmatkat.fi\",\"description\":\"Perinteit\u00e4 vaaliva moderni bussiyhti\u00f6\",\"potentialAction\":[{\"@type\":\"SearchAction\",\"target\":{\"@type\":\"EntryPoint\",\"urlTemplate\":\"https:\/\/www.frimanresor.fi\/?s={search_term_string}\"},\"query-input\":\"required name=search_term_string\"}],\"inLanguage\":\"fi\"}]}<\/script>\n<!-- \/ Yoast SEO plugin. -->","yoast_head_json":{"title":"Linja-automme - Tietoa Friman matkoista - Frimanmatkat.fi","robots":{"index":"index","follow":"follow","max-snippet":"max-snippet:-1","max-image-preview":"max-image-preview:large","max-video-preview":"max-video-preview:-1"},"canonical":"https:\/\/www.frimanresor.fi\/fi\/tietoa-meista\/linja-automme\/","og_locale":"fi_FI","og_type":"article","og_title":"Linja-automme - Tietoa Friman matkoista - Frimanmatkat.fi","og_description":"Linja-autoja on t\u00e4n\u00e4 p\u00e4iv\u00e4n\u00e4 yhteens\u00e4 kahdeksan. Kalusto on korkeatasoinen ja uudenaikainen. Pienimm\u00e4ss\u00e4 linja-autossa on 19 paikkaa ja suurimmassa 50.","og_url":"https:\/\/www.frimanresor.fi\/fi\/tietoa-meista\/linja-automme\/","og_site_name":"Frimanmatkat.fi","article_modified_time":"2018-12-08T23:50:54+00:00","og_image":[{"width":1024,"height":728,"url":"https:\/\/www.frimanresor.fi\/2019\/wp-content\/uploads\/2014\/03\/buss_8an.jpg","type":"image\/jpeg"}],"twitter_card":"summary_large_image","twitter_misc":{"Arvioitu lukuaika":"1 minuutti"},"schema":{"@context":"https:\/\/schema.org","@graph":[{"@type":"WebPage","@id":"https:\/\/www.frimanresor.fi\/fi\/tietoa-meista\/linja-automme\/","url":"https:\/\/www.frimanresor.fi\/fi\/tietoa-meista\/linja-automme\/","name":"Linja-automme - Tietoa Friman matkoista - Frimanmatkat.fi","isPartOf":{"@id":"https:\/\/www.frimanresor.fi\/#website"},"datePublished":"2014-04-21T14:08:59+00:00","dateModified":"2018-12-08T23:50:54+00:00","breadcrumb":{"@id":"https:\/\/www.frimanresor.fi\/fi\/tietoa-meista\/linja-automme\/#breadcrumb"},"inLanguage":"fi","potentialAction":[{"@type":"ReadAction","target":["https:\/\/www.frimanresor.fi\/fi\/tietoa-meista\/linja-automme\/"]}]},{"@type":"BreadcrumbList","@id":"https:\/\/www.frimanresor.fi\/fi\/tietoa-meista\/linja-automme\/#breadcrumb","itemListElement":[{"@type":"ListItem","position":1,"name":"Hem","item":"https:\/\/www.frimanresor.fi\/fi\/"},{"@type":"ListItem","position":2,"name":"Tietoa Friman matkoista","item":"https:\/\/www.frimanresor.fi\/fi\/tietoa-meista\/"},{"@type":"ListItem","position":3,"name":"Linja-automme"}]},{"@type":"WebSite","@id":"https:\/\/www.frimanresor.fi\/#website","url":"https:\/\/www.frimanresor.fi\/","name":"Frimanmatkat.fi","description":"Perinteit\u00e4 vaaliva moderni bussiyhti\u00f6","potentialAction":[{"@type":"SearchAction","target":{"@type":"EntryPoint","urlTemplate":"https:\/\/www.frimanresor.fi\/?s={search_term_string}"},"query-input":"required name=search_term_string"}],"inLanguage":"fi"}]}},"_links":{"self":[{"href":"https:\/\/www.frimanresor.fi\/fi\/wp-json\/wp\/v2\/pages\/870"}],"collection":[{"href":"https:\/\/www.frimanresor.fi\/fi\/wp-json\/wp\/v2\/pages"}],"about":[{"href":"https:\/\/www.frimanresor.fi\/fi\/wp-json\/wp\/v2\/types\/page"}],"author":[{"embeddable":true,"href":"https:\/\/www.frimanresor.fi\/fi\/wp-json\/wp\/v2\/users\/1"}],"replies":[{"embeddable":true,"href":"https:\/\/www.frimanresor.fi\/fi\/wp-json\/wp\/v2\/comments?post=870"}],"version-history":[{"count":0,"href":"https:\/\/www.frimanresor.fi\/fi\/wp-json\/wp\/v2\/pages\/870\/revisions"}],"up":[{"embeddable":true,"href":"https:\/\/www.frimanresor.fi\/fi\/wp-json\/wp\/v2\/pages\/11817"}],"wp:featuredmedia":[{"embeddable":true,"href":"https:\/\/www.frimanresor.fi\/fi\/wp-json\/wp\/v2\/media\/11720"}],"wp:attachment":[{"href":"https:\/\/www.frimanresor.fi\/fi\/wp-json\/wp\/v2\/media?parent=870"}],"curies":[{"name":"wp","href":"https:\/\/api.w.org\/{rel}","templated":true}]}}