{"id":856,"date":"2014-04-18T21:15:07","date_gmt":"2014-04-18T18:15:07","guid":{"rendered":"http:\/\/frimanresor.fi\/2019\/?page_id=856"},"modified":"2018-10-29T18:55:37","modified_gmt":"2018-10-29T16:55:37","slug":"historia","status":"publish","type":"page","link":"https:\/\/www.frimanresor.fi\/fi\/tietoa-meista\/historia\/","title":{"rendered":"Historiamme"},"content":{"rendered":"<section class=\"wpb-content-wrapper\"><p>[vc_row][vc_column]<div class=\"title title--big title--underline title--decoration-bottom-left\">\n\t\t\t<div class=\"title__subtitle\">Perinteit\u00e4 vaaliva moderni bussiyhti\u00f6<\/div>\n\t\t<h3 class=\"title__primary\"><\/h3>\n<\/div>\n[\/vc_column][\/vc_row][vc_row][vc_column width=&#8221;1\/2&#8243;][vc_column_text]Yhti\u00f6n perustaja, Valdemar Friman, teki ensimm\u00e4isen linja-auto-hankintansa vuonna 1939. H\u00e4n osallistui toiseen maailman-sotaan mukanaan linja-auto, joka toimi ambulanssina. Sodan j\u00e4lkeen h\u00e4n ryhtyi liikenn\u00f6im\u00e4\u00e4n Tammisaaren ja Tenholan v\u00e4lill\u00e4. Vuonna 1958 toiminta muutti Tenholasta Hankoon ja vuonna 1967 perustettiin avoin yhti\u00f6 Hangon Liikenne, Friman &amp; Co.[\/vc_column_text][vc_column_text]Nykyisin yhti\u00f6t\u00e4 johtavat Marcus Friman ja Magnus Berglund, jotka ovat Valdemarin lapsenlapset. Lapsista ty\u00f6skentelee Camilla \u00d6sterlund ja Viking Friman yh\u00e4 yrityksess\u00e4. Linja-autoja on t\u00e4n\u00e4 p\u00e4iv\u00e4n\u00e4 yhteens\u00e4 kahdeksan.[\/vc_column_text][vc_column_text]Kalusto on korkeatasoinen ja uudenaikainen. Linja-autot on varustettu ilmastointilaitteilla ja nykyaikaisilla viihdej\u00e4rjestelmill\u00e4. Pienimm\u00e4ss\u00e4 linja-autossa on 19 paikkaa ja suurimmassa 50.[\/vc_column_text][vc_column_text]Hangon Liikenne on vuodesta 1995 l\u00e4htien rekister\u00f6ity matkanj\u00e4rjest\u00e4j\u00e4 joka markkinoi omatuotanto matkoja Friman Matkat nimen alla. Teemme omia pakettimatkoja ja r\u00e4\u00e4t\u00e4l\u00f6imme my\u00f6s matkoja asiakkaidemme toivomusten mukaan.[\/vc_column_text][\/vc_column][vc_column width=&#8221;1\/2&#8243;][vc_single_image image=&#8221;11446&#8243; img_size=&#8221;medium&#8221; add_caption=&#8221;yes&#8221;][vc_single_image image=&#8221;11441&#8243; img_size=&#8221;medium&#8221; add_caption=&#8221;yes&#8221;][\/vc_column][\/vc_row][vc_row][vc_column]<div class=\"title title--big title--underline title--decoration-bottom-left\">\n\t\t\t<div class=\"title__subtitle\">Tutustu my\u00f6s n\u00e4ihin...<\/div>\n\t\t<h3 class=\"title__primary\"><\/h3>\n<\/div>\n[vc_basic_grid post_type=&#8221;ids&#8221; style=&#8221;lazy&#8221; items_per_page=&#8221;2&#8243; element_width=&#8221;3&#8243; gap=&#8221;35&#8243; item=&#8221;11471&#8243; grid_id=&#8221;vc_gid:1512339167151-8f199828-d69c-10&#8243; include=&#8221;159, 274, 11538, 154&#8243;][\/vc_column][\/vc_row]<\/p>\n<\/section>","protected":false},"excerpt":{"rendered":"<p>Yhti\u00f6n perustaja, Valdemar Friman, teki ensimm\u00e4isen linja-auto-hankintansa vuonna 1939. H\u00e4n osallistui toiseen maailman-sotaan mukanaan linja-auto, joka toimi ambulanssina.<\/p>\n","protected":false},"author":1,"featured_media":11407,"parent":11817,"menu_order":103,"comment_status":"closed","ping_status":"closed","template":"","meta":{"_expiration-date-status":"","_expiration-date":0,"_expiration-date-type":"","_expiration-date-categories":[],"_expiration-date-options":[]},"yoast_head":"<!-- This site is optimized with the Yoast SEO plugin v19.10 - https:\/\/yoast.com\/wordpress\/plugins\/seo\/ -->\n<title>Historiamme - Tietoa Friman matkoista - Frimanmatkat.fi<\/title>\n<meta name=\"robots\" content=\"index, follow, max-snippet:-1, max-image-preview:large, max-video-preview:-1\" \/>\n<link rel=\"canonical\" href=\"https:\/\/www.frimanresor.fi\/fi\/tietoa-meista\/historia\/\" \/>\n<meta property=\"og:locale\" content=\"fi_FI\" \/>\n<meta property=\"og:type\" content=\"article\" \/>\n<meta property=\"og:title\" content=\"Historiamme - Tietoa Friman matkoista - Frimanmatkat.fi\" \/>\n<meta property=\"og:description\" content=\"Yhti\u00f6n perustaja, Valdemar Friman, teki ensimm\u00e4isen linja-auto-hankintansa vuonna 1939. H\u00e4n osallistui toiseen maailman-sotaan mukanaan linja-auto, joka toimi ambulanssina.\" \/>\n<meta property=\"og:url\" content=\"https:\/\/www.frimanresor.fi\/fi\/tietoa-meista\/historia\/\" \/>\n<meta property=\"og:site_name\" content=\"Frimanmatkat.fi\" \/>\n<meta property=\"article:modified_time\" content=\"2018-10-29T16:55:37+00:00\" \/>\n<meta property=\"og:image\" content=\"https:\/\/www.frimanresor.fi\/2019\/wp-content\/uploads\/2014\/03\/storbuss.jpg\" \/>\n\t<meta property=\"og:image:width\" content=\"1209\" \/>\n\t<meta property=\"og:image:height\" content=\"856\" \/>\n\t<meta property=\"og:image:type\" content=\"image\/jpeg\" \/>\n<meta name=\"twitter:card\" content=\"summary_large_image\" \/>\n<meta name=\"twitter:label1\" content=\"Arvioitu lukuaika\" \/>\n\t<meta name=\"twitter:data1\" content=\"1 minuutti\" \/>\n<script type=\"application\/ld+json\" class=\"yoast-schema-graph\">{\"@context\":\"https:\/\/schema.org\",\"@graph\":[{\"@type\":\"WebPage\",\"@id\":\"https:\/\/www.frimanresor.fi\/fi\/tietoa-meista\/historia\/\",\"url\":\"https:\/\/www.frimanresor.fi\/fi\/tietoa-meista\/historia\/\",\"name\":\"Historiamme - Tietoa Friman matkoista - Frimanmatkat.fi\",\"isPartOf\":{\"@id\":\"https:\/\/www.frimanresor.fi\/#website\"},\"datePublished\":\"2014-04-18T18:15:07+00:00\",\"dateModified\":\"2018-10-29T16:55:37+00:00\",\"breadcrumb\":{\"@id\":\"https:\/\/www.frimanresor.fi\/fi\/tietoa-meista\/historia\/#breadcrumb\"},\"inLanguage\":\"fi\",\"potentialAction\":[{\"@type\":\"ReadAction\",\"target\":[\"https:\/\/www.frimanresor.fi\/fi\/tietoa-meista\/historia\/\"]}]},{\"@type\":\"BreadcrumbList\",\"@id\":\"https:\/\/www.frimanresor.fi\/fi\/tietoa-meista\/historia\/#breadcrumb\",\"itemListElement\":[{\"@type\":\"ListItem\",\"position\":1,\"name\":\"Hem\",\"item\":\"https:\/\/www.frimanresor.fi\/fi\/\"},{\"@type\":\"ListItem\",\"position\":2,\"name\":\"Tietoa Friman matkoista\",\"item\":\"https:\/\/www.frimanresor.fi\/fi\/tietoa-meista\/\"},{\"@type\":\"ListItem\",\"position\":3,\"name\":\"Historiamme\"}]},{\"@type\":\"WebSite\",\"@id\":\"https:\/\/www.frimanresor.fi\/#website\",\"url\":\"https:\/\/www.frimanresor.fi\/\",\"name\":\"Frimanmatkat.fi\",\"description\":\"Perinteit\u00e4 vaaliva moderni bussiyhti\u00f6\",\"potentialAction\":[{\"@type\":\"SearchAction\",\"target\":{\"@type\":\"EntryPoint\",\"urlTemplate\":\"https:\/\/www.frimanresor.fi\/?s={search_term_string}\"},\"query-input\":\"required name=search_term_string\"}],\"inLanguage\":\"fi\"}]}<\/script>\n<!-- \/ Yoast SEO plugin. -->","yoast_head_json":{"title":"Historiamme - Tietoa Friman matkoista - Frimanmatkat.fi","robots":{"index":"index","follow":"follow","max-snippet":"max-snippet:-1","max-image-preview":"max-image-preview:large","max-video-preview":"max-video-preview:-1"},"canonical":"https:\/\/www.frimanresor.fi\/fi\/tietoa-meista\/historia\/","og_locale":"fi_FI","og_type":"article","og_title":"Historiamme - Tietoa Friman matkoista - Frimanmatkat.fi","og_description":"Yhti\u00f6n perustaja, Valdemar Friman, teki ensimm\u00e4isen linja-auto-hankintansa vuonna 1939. H\u00e4n osallistui toiseen maailman-sotaan mukanaan linja-auto, joka toimi ambulanssina.","og_url":"https:\/\/www.frimanresor.fi\/fi\/tietoa-meista\/historia\/","og_site_name":"Frimanmatkat.fi","article_modified_time":"2018-10-29T16:55:37+00:00","og_image":[{"width":1209,"height":856,"url":"https:\/\/www.frimanresor.fi\/2019\/wp-content\/uploads\/2014\/03\/storbuss.jpg","type":"image\/jpeg"}],"twitter_card":"summary_large_image","twitter_misc":{"Arvioitu lukuaika":"1 minuutti"},"schema":{"@context":"https:\/\/schema.org","@graph":[{"@type":"WebPage","@id":"https:\/\/www.frimanresor.fi\/fi\/tietoa-meista\/historia\/","url":"https:\/\/www.frimanresor.fi\/fi\/tietoa-meista\/historia\/","name":"Historiamme - Tietoa Friman matkoista - Frimanmatkat.fi","isPartOf":{"@id":"https:\/\/www.frimanresor.fi\/#website"},"datePublished":"2014-04-18T18:15:07+00:00","dateModified":"2018-10-29T16:55:37+00:00","breadcrumb":{"@id":"https:\/\/www.frimanresor.fi\/fi\/tietoa-meista\/historia\/#breadcrumb"},"inLanguage":"fi","potentialAction":[{"@type":"ReadAction","target":["https:\/\/www.frimanresor.fi\/fi\/tietoa-meista\/historia\/"]}]},{"@type":"BreadcrumbList","@id":"https:\/\/www.frimanresor.fi\/fi\/tietoa-meista\/historia\/#breadcrumb","itemListElement":[{"@type":"ListItem","position":1,"name":"Hem","item":"https:\/\/www.frimanresor.fi\/fi\/"},{"@type":"ListItem","position":2,"name":"Tietoa Friman matkoista","item":"https:\/\/www.frimanresor.fi\/fi\/tietoa-meista\/"},{"@type":"ListItem","position":3,"name":"Historiamme"}]},{"@type":"WebSite","@id":"https:\/\/www.frimanresor.fi\/#website","url":"https:\/\/www.frimanresor.fi\/","name":"Frimanmatkat.fi","description":"Perinteit\u00e4 vaaliva moderni bussiyhti\u00f6","potentialAction":[{"@type":"SearchAction","target":{"@type":"EntryPoint","urlTemplate":"https:\/\/www.frimanresor.fi\/?s={search_term_string}"},"query-input":"required name=search_term_string"}],"inLanguage":"fi"}]}},"_links":{"self":[{"href":"https:\/\/www.frimanresor.fi\/fi\/wp-json\/wp\/v2\/pages\/856"}],"collection":[{"href":"https:\/\/www.frimanresor.fi\/fi\/wp-json\/wp\/v2\/pages"}],"about":[{"href":"https:\/\/www.frimanresor.fi\/fi\/wp-json\/wp\/v2\/types\/page"}],"author":[{"embeddable":true,"href":"https:\/\/www.frimanresor.fi\/fi\/wp-json\/wp\/v2\/users\/1"}],"replies":[{"embeddable":true,"href":"https:\/\/www.frimanresor.fi\/fi\/wp-json\/wp\/v2\/comments?post=856"}],"version-history":[{"count":0,"href":"https:\/\/www.frimanresor.fi\/fi\/wp-json\/wp\/v2\/pages\/856\/revisions"}],"up":[{"embeddable":true,"href":"https:\/\/www.frimanresor.fi\/fi\/wp-json\/wp\/v2\/pages\/11817"}],"wp:featuredmedia":[{"embeddable":true,"href":"https:\/\/www.frimanresor.fi\/fi\/wp-json\/wp\/v2\/media\/11407"}],"wp:attachment":[{"href":"https:\/\/www.frimanresor.fi\/fi\/wp-json\/wp\/v2\/media?parent=856"}],"curies":[{"name":"wp","href":"https:\/\/api.w.org\/{rel}","templated":true}]}}