{"id":786,"date":"2014-04-19T03:32:26","date_gmt":"2014-04-19T00:32:26","guid":{"rendered":"http:\/\/frimanresor.fi\/2019\/?page_id=786"},"modified":"2021-12-02T09:25:55","modified_gmt":"2021-12-02T07:25:55","slug":"aikataulut","status":"publish","type":"page","link":"https:\/\/www.frimanresor.fi\/fi\/aikataulut\/","title":{"rendered":"Aikataulut"},"content":{"rendered":"<section class=\"wpb-content-wrapper\"><p>[vc_row][vc_column][vc_column_text]T\u00e4\u00e4lt\u00e4 l\u00f6yd\u00e4t aikataulumme Hangon niemelle sek\u00e4 L\u00e4nsi-Uudellemaalle. Voit my\u00f6s tilata linja-autokuljetusta mihin haluat omalle ryhm\u00e4llesi. <a href=\"https:\/\/www.frimanresor.fi\/fi\/tilausmatkat\/\">Pyyd\u00e4 tarjous!<\/a>[\/vc_column_text][\/vc_column][\/vc_row][vc_row][vc_column width=&#8221;1\/2&#8243;]<div class=\"title title--underline title--decoration-bottom-left\">\n\t\t\t<div class=\"title__subtitle\">Hankoniemen aikataulut<\/div>\n\t\t<h3 class=\"title__primary\"><\/h3>\n<\/div>\n<div class=\"icons-set\">\n\t<div class=\"row icons-set__row\">\n\t\t\t\t\t<div class=\"col-sm-3\">\n\t\t\t<div class=\"icons-set__item\">\n\t\t\t\t\t\t\t<div class=\"icons-set__item__field icons-set__item__field--fix-size\">\n\t\t\t\t<div class=\"icons-set__item__icon-wrap\"><a href=\"\/fi\/aikataulut\/hanko-lappohja-tie-25\/\"><i class=\"icons-set__item__icon td-alarm-clock\"><\/i><\/a><\/div>\t\t\t\t<\/div>\n\t\t\t\t\t\t\t<div class=\"icons-set__item__field\">\n\t\t\t\t<h3 class=\"icons-set__item__title\"><a href=\"\/fi\/aikataulut\/hanko-lappohja-tie-25\/\">Hanko \u2013 Lappohja (tie 25)<\/a><\/h3>\t\t\t\t\t<div class=\"icons-set__item__description\"><\/div>\n\t\t\t\t<\/div>\n\t\t\t<\/div>\n\t\t<\/div>\n\t\t\t\t\t<div class=\"col-sm-3\">\n\t\t\t<div class=\"icons-set__item\">\n\t\t\t\t\t\t\t<div class=\"icons-set__item__field icons-set__item__field--fix-size\">\n\t\t\t\t<div class=\"icons-set__item__icon-wrap\"><a href=\"\/fi\/aikataulut\/lappohja-hanko-tie-25\/\"><i class=\"icons-set__item__icon td-alarm-clock\"><\/i><\/a><\/div>\t\t\t\t<\/div>\n\t\t\t\t\t\t\t<div class=\"icons-set__item__field\">\n\t\t\t\t<h3 class=\"icons-set__item__title\"><a href=\"\/fi\/aikataulut\/lappohja-hanko-tie-25\/\">Lappohja \u2013 Hanko (tie 25)<\/a><\/h3>\t\t\t\t\t<div class=\"icons-set__item__description\"><\/div>\n\t\t\t\t<\/div>\n\t\t\t<\/div>\n\t\t<\/div>\n\t\t\t\t\t<div class=\"col-sm-3\">\n\t\t\t<div class=\"icons-set__item\">\n\t\t\t\t\t\t\t<div class=\"icons-set__item__field icons-set__item__field--fix-size\">\n\t\t\t\t<div class=\"icons-set__item__icon-wrap\"><a href=\"\/fi\/aikataulut\/hanko-tvarminne-lappohja\/\"><i class=\"icons-set__item__icon td-alarm-clock\"><\/i><\/a><\/div>\t\t\t\t<\/div>\n\t\t\t\t\t\t\t<div class=\"icons-set__item__field\">\n\t\t\t\t<h3 class=\"icons-set__item__title\"><a href=\"\/fi\/aikataulut\/hanko-tvarminne-lappohja\/\">Hanko \u2013 Tv\u00e4rminne \u2013 Lappohja<\/a><\/h3>\t\t\t\t\t<div class=\"icons-set__item__description\"><\/div>\n\t\t\t\t<\/div>\n\t\t\t<\/div>\n\t\t<\/div>\n\t\t\t\t\t<div class=\"col-sm-3\">\n\t\t\t<div class=\"icons-set__item\">\n\t\t\t\t\t\t\t<div class=\"icons-set__item__field icons-set__item__field--fix-size\">\n\t\t\t\t<div class=\"icons-set__item__icon-wrap\"><a href=\"\/fi\/aikataulut\/lappohja-tvarminne-hanko\/\"><i class=\"icons-set__item__icon td-alarm-clock\"><\/i><\/a><\/div>\t\t\t\t<\/div>\n\t\t\t\t\t\t\t<div class=\"icons-set__item__field\">\n\t\t\t\t<h3 class=\"icons-set__item__title\"><a href=\"\/fi\/aikataulut\/lappohja-tvarminne-hanko\/\">Lappohja \u2013 Tv\u00e4rminne \u2013 Hanko<\/a><\/h3>\t\t\t\t\t<div class=\"icons-set__item__description\"><\/div>\n\t\t\t\t<\/div>\n\t\t\t<\/div>\n\t\t<\/div>\n\t\t<\/div>\n<\/div>\n[\/vc_column][vc_column width=&#8221;1\/2&#8243;]<div class=\"title title--underline title--decoration-bottom-left\">\n\t\t\t<div class=\"title__subtitle\">Kaukoliikenteen aikataulut<\/div>\n\t\t<h3 class=\"title__primary\"><\/h3>\n<\/div>\n<div class=\"icons-set\">\n\t<div class=\"row icons-set__row\">\n\t\t\t\t\t<div class=\"col-sm-3\">\n\t\t\t<div class=\"icons-set__item\">\n\t\t\t\t\t\t\t<div class=\"icons-set__item__field icons-set__item__field--fix-size\">\n\t\t\t\t<div class=\"icons-set__item__icon-wrap\"><a href=\"\/fi\/aikataulut\/hanko-tammisaari-karjaa\/\"><i class=\"icons-set__item__icon td-alarm-clock\"><\/i><\/a><\/div>\t\t\t\t<\/div>\n\t\t\t\t\t\t\t<div class=\"icons-set__item__field\">\n\t\t\t\t<h3 class=\"icons-set__item__title\"><a href=\"\/fi\/aikataulut\/hanko-tammisaari-karjaa\/\">Hanko \u2013 Tammisaari \u2013 Karjaa<\/a><\/h3>\t\t\t\t\t<div class=\"icons-set__item__description\"><\/div>\n\t\t\t\t<\/div>\n\t\t\t<\/div>\n\t\t<\/div>\n\t\t\t\t\t<div class=\"col-sm-3\">\n\t\t\t<div class=\"icons-set__item\">\n\t\t\t\t\t\t\t<div class=\"icons-set__item__field icons-set__item__field--fix-size\">\n\t\t\t\t<div class=\"icons-set__item__icon-wrap\"><a href=\"\/fi\/aikataulut\/tammisaari-hanko\/%20\"><i class=\"icons-set__item__icon td-alarm-clock\"><\/i><\/a><\/div>\t\t\t\t<\/div>\n\t\t\t\t\t\t\t<div class=\"icons-set__item__field\">\n\t\t\t\t<h3 class=\"icons-set__item__title\"><a href=\"\/fi\/aikataulut\/tammisaari-hanko\/%20\">Tammisaari \u2013 Hanko<\/a><\/h3>\t\t\t\t\t<div class=\"icons-set__item__description\"><\/div>\n\t\t\t\t<\/div>\n\t\t\t<\/div>\n\t\t<\/div>\n\t\t<\/div>\n<\/div>\n[\/vc_column][\/vc_row][vc_row][vc_column][vc_empty_space height=&#8221;30px&#8221;][\/vc_column][\/vc_row][vc_row][vc_column]<div class=\"title title--underline title--decoration-bottom-left\">\n\t\t\t<div class=\"title__subtitle\">Muut aikataulut<\/div>\n\t\t<h3 class=\"title__primary\"><\/h3>\n<\/div>\n<div class=\"icons-set\">\n\t<div class=\"row icons-set__row\">\n\t\t\t\t\t<div class=\"col-sm-3\">\n\t\t\t<div class=\"icons-set__item\">\n\t\t\t\t\t\t\t<div class=\"icons-set__item__field icons-set__item__field--fix-size\">\n\t\t\t\t<div class=\"icons-set__item__icon-wrap\"><a href=\"http:\/\/www.matkahuolto.fi\/\" target=\"blank\"><i class=\"icons-set__item__icon td-bus-1\"><\/i><\/a><\/div>\t\t\t\t<\/div>\n\t\t\t\t\t\t\t<div class=\"icons-set__item__field\">\n\t\t\t\t<h3 class=\"icons-set__item__title\"><a href=\"http:\/\/www.matkahuolto.fi\/\" target=\"blank\">Matkahuolto<\/a><\/h3>\t\t\t\t\t<div class=\"icons-set__item__description\"><\/div>\n\t\t\t\t<\/div>\n\t\t\t<\/div>\n\t\t<\/div>\n\t\t<\/div>\n<\/div>\n[\/vc_column][\/vc_row]<\/p>\n<\/section>","protected":false},"excerpt":{"rendered":"<p>[vc_row][vc_column][vc_column_text]T\u00e4\u00e4lt\u00e4 l\u00f6yd\u00e4t aikataulumme Hangon niemelle sek\u00e4 L\u00e4nsi-Uudellemaalle. Voit my\u00f6s tilata linja-autokuljetusta mihin haluat omalle ryhm\u00e4llesi. Pyyd\u00e4 tarjous![\/vc_column_text][\/vc_column][\/vc_row][vc_row][vc_column width=&#8221;1\/2&#8243;][\/vc_column][vc_column width=&#8221;1\/2&#8243;][\/vc_column][\/vc_row][vc_row][vc_column][vc_empty_space height=&#8221;30px&#8221;][\/vc_column][\/vc_row][vc_row][vc_column][\/vc_column][\/vc_row]<\/p>\n","protected":false},"author":1,"featured_media":0,"parent":0,"menu_order":60,"comment_status":"open","ping_status":"closed","template":"template-page-with-sidebar.php","meta":{"_expiration-date-status":"saved","_expiration-date":0,"_expiration-date-type":"","_expiration-date-categories":[],"_expiration-date-options":[]},"yoast_head":"<!-- This site is optimized with the Yoast SEO plugin v19.10 - https:\/\/yoast.com\/wordpress\/plugins\/seo\/ -->\n<title>Aikataulut - Frimanmatkat.fi<\/title>\n<meta name=\"robots\" content=\"index, follow, max-snippet:-1, max-image-preview:large, max-video-preview:-1\" \/>\n<link rel=\"canonical\" href=\"https:\/\/www.frimanresor.fi\/fi\/aikataulut\/\" \/>\n<meta property=\"og:locale\" content=\"fi_FI\" \/>\n<meta property=\"og:type\" content=\"article\" \/>\n<meta property=\"og:title\" content=\"Aikataulut - Frimanmatkat.fi\" \/>\n<meta property=\"og:description\" content=\"[vc_row][vc_column][vc_column_text]T\u00e4\u00e4lt\u00e4 l\u00f6yd\u00e4t aikataulumme Hangon niemelle sek\u00e4 L\u00e4nsi-Uudellemaalle. Voit my\u00f6s tilata linja-autokuljetusta mihin haluat omalle ryhm\u00e4llesi. Pyyd\u00e4 tarjous![\/vc_column_text][\/vc_column][\/vc_row][vc_row][vc_column width=&#8221;1\/2&#8243;][\/vc_column][vc_column width=&#8221;1\/2&#8243;][\/vc_column][\/vc_row][vc_row][vc_column][vc_empty_space height=&#8221;30px&#8221;][\/vc_column][\/vc_row][vc_row][vc_column][\/vc_column][\/vc_row]\" \/>\n<meta property=\"og:url\" content=\"https:\/\/www.frimanresor.fi\/fi\/aikataulut\/\" \/>\n<meta property=\"og:site_name\" content=\"Frimanmatkat.fi\" \/>\n<meta property=\"article:modified_time\" content=\"2021-12-02T07:25:55+00:00\" \/>\n<meta name=\"twitter:card\" content=\"summary_large_image\" \/>\n<meta name=\"twitter:label1\" content=\"Arvioitu lukuaika\" \/>\n\t<meta name=\"twitter:data1\" content=\"1 minuutti\" \/>\n<script type=\"application\/ld+json\" class=\"yoast-schema-graph\">{\"@context\":\"https:\/\/schema.org\",\"@graph\":[{\"@type\":\"WebPage\",\"@id\":\"https:\/\/www.frimanresor.fi\/fi\/aikataulut\/\",\"url\":\"https:\/\/www.frimanresor.fi\/fi\/aikataulut\/\",\"name\":\"Aikataulut - Frimanmatkat.fi\",\"isPartOf\":{\"@id\":\"https:\/\/www.frimanresor.fi\/#website\"},\"datePublished\":\"2014-04-19T00:32:26+00:00\",\"dateModified\":\"2021-12-02T07:25:55+00:00\",\"breadcrumb\":{\"@id\":\"https:\/\/www.frimanresor.fi\/fi\/aikataulut\/#breadcrumb\"},\"inLanguage\":\"fi\",\"potentialAction\":[{\"@type\":\"ReadAction\",\"target\":[\"https:\/\/www.frimanresor.fi\/fi\/aikataulut\/\"]}]},{\"@type\":\"BreadcrumbList\",\"@id\":\"https:\/\/www.frimanresor.fi\/fi\/aikataulut\/#breadcrumb\",\"itemListElement\":[{\"@type\":\"ListItem\",\"position\":1,\"name\":\"Hem\",\"item\":\"https:\/\/www.frimanresor.fi\/fi\/\"},{\"@type\":\"ListItem\",\"position\":2,\"name\":\"Aikataulut\"}]},{\"@type\":\"WebSite\",\"@id\":\"https:\/\/www.frimanresor.fi\/#website\",\"url\":\"https:\/\/www.frimanresor.fi\/\",\"name\":\"Frimanmatkat.fi\",\"description\":\"Perinteit\u00e4 vaaliva moderni bussiyhti\u00f6\",\"potentialAction\":[{\"@type\":\"SearchAction\",\"target\":{\"@type\":\"EntryPoint\",\"urlTemplate\":\"https:\/\/www.frimanresor.fi\/?s={search_term_string}\"},\"query-input\":\"required name=search_term_string\"}],\"inLanguage\":\"fi\"}]}<\/script>\n<!-- \/ Yoast SEO plugin. -->","yoast_head_json":{"title":"Aikataulut - Frimanmatkat.fi","robots":{"index":"index","follow":"follow","max-snippet":"max-snippet:-1","max-image-preview":"max-image-preview:large","max-video-preview":"max-video-preview:-1"},"canonical":"https:\/\/www.frimanresor.fi\/fi\/aikataulut\/","og_locale":"fi_FI","og_type":"article","og_title":"Aikataulut - Frimanmatkat.fi","og_description":"[vc_row][vc_column][vc_column_text]T\u00e4\u00e4lt\u00e4 l\u00f6yd\u00e4t aikataulumme Hangon niemelle sek\u00e4 L\u00e4nsi-Uudellemaalle. Voit my\u00f6s tilata linja-autokuljetusta mihin haluat omalle ryhm\u00e4llesi. Pyyd\u00e4 tarjous![\/vc_column_text][\/vc_column][\/vc_row][vc_row][vc_column width=&#8221;1\/2&#8243;][\/vc_column][vc_column width=&#8221;1\/2&#8243;][\/vc_column][\/vc_row][vc_row][vc_column][vc_empty_space height=&#8221;30px&#8221;][\/vc_column][\/vc_row][vc_row][vc_column][\/vc_column][\/vc_row]","og_url":"https:\/\/www.frimanresor.fi\/fi\/aikataulut\/","og_site_name":"Frimanmatkat.fi","article_modified_time":"2021-12-02T07:25:55+00:00","twitter_card":"summary_large_image","twitter_misc":{"Arvioitu lukuaika":"1 minuutti"},"schema":{"@context":"https:\/\/schema.org","@graph":[{"@type":"WebPage","@id":"https:\/\/www.frimanresor.fi\/fi\/aikataulut\/","url":"https:\/\/www.frimanresor.fi\/fi\/aikataulut\/","name":"Aikataulut - Frimanmatkat.fi","isPartOf":{"@id":"https:\/\/www.frimanresor.fi\/#website"},"datePublished":"2014-04-19T00:32:26+00:00","dateModified":"2021-12-02T07:25:55+00:00","breadcrumb":{"@id":"https:\/\/www.frimanresor.fi\/fi\/aikataulut\/#breadcrumb"},"inLanguage":"fi","potentialAction":[{"@type":"ReadAction","target":["https:\/\/www.frimanresor.fi\/fi\/aikataulut\/"]}]},{"@type":"BreadcrumbList","@id":"https:\/\/www.frimanresor.fi\/fi\/aikataulut\/#breadcrumb","itemListElement":[{"@type":"ListItem","position":1,"name":"Hem","item":"https:\/\/www.frimanresor.fi\/fi\/"},{"@type":"ListItem","position":2,"name":"Aikataulut"}]},{"@type":"WebSite","@id":"https:\/\/www.frimanresor.fi\/#website","url":"https:\/\/www.frimanresor.fi\/","name":"Frimanmatkat.fi","description":"Perinteit\u00e4 vaaliva moderni bussiyhti\u00f6","potentialAction":[{"@type":"SearchAction","target":{"@type":"EntryPoint","urlTemplate":"https:\/\/www.frimanresor.fi\/?s={search_term_string}"},"query-input":"required name=search_term_string"}],"inLanguage":"fi"}]}},"_links":{"self":[{"href":"https:\/\/www.frimanresor.fi\/fi\/wp-json\/wp\/v2\/pages\/786"}],"collection":[{"href":"https:\/\/www.frimanresor.fi\/fi\/wp-json\/wp\/v2\/pages"}],"about":[{"href":"https:\/\/www.frimanresor.fi\/fi\/wp-json\/wp\/v2\/types\/page"}],"author":[{"embeddable":true,"href":"https:\/\/www.frimanresor.fi\/fi\/wp-json\/wp\/v2\/users\/1"}],"replies":[{"embeddable":true,"href":"https:\/\/www.frimanresor.fi\/fi\/wp-json\/wp\/v2\/comments?post=786"}],"version-history":[{"count":1,"href":"https:\/\/www.frimanresor.fi\/fi\/wp-json\/wp\/v2\/pages\/786\/revisions"}],"predecessor-version":[{"id":16957,"href":"https:\/\/www.frimanresor.fi\/fi\/wp-json\/wp\/v2\/pages\/786\/revisions\/16957"}],"wp:attachment":[{"href":"https:\/\/www.frimanresor.fi\/fi\/wp-json\/wp\/v2\/media?parent=786"}],"curies":[{"name":"wp","href":"https:\/\/api.w.org\/{rel}","templated":true}]}}