{"id":13326,"date":"2018-01-06T06:31:44","date_gmt":"2018-01-06T04:31:44","guid":{"rendered":"http:\/\/frimanresor.fi\/2019\/rekisteriseloste\/"},"modified":"2018-01-06T06:38:36","modified_gmt":"2018-01-06T04:38:36","slug":"rekisteriseloste","status":"publish","type":"page","link":"https:\/\/www.frimanresor.fi\/fi\/rekisteriseloste\/","title":{"rendered":"Rekisteriseloste"},"content":{"rendered":"<section class=\"wpb-content-wrapper\"><p>[vc_row][vc_column][vc_column_text]Henkil\u00f6tietolain (523\/1999) 10\u00a7:n mukainen rekisteriseloste.[\/vc_column_text]<div class=\"title title--big title--underline title--decoration-bottom-left\">\n\t\t\t<div class=\"title__subtitle\">Rekisterin pit\u00e4j\u00e4<\/div>\n\t\t<h3 class=\"title__primary\"><\/h3>\n<\/div>\n[vc_column_text]Hangon Liikenne, Friman &amp; Co<br \/>\nSantalantie 23<br \/>\n10960 Hanko<br \/>\nY-tunnus: 0103108-7[\/vc_column_text]<div class=\"title title--big title--underline title--decoration-bottom-left\">\n\t\t\t<div class=\"title__subtitle\">Rekisteriasioita hoitava henkil\u00f6<\/div>\n\t\t<h3 class=\"title__primary\"><\/h3>\n<\/div>\n[vc_column_text]Marcus Friman<br \/>\npuhelin +358 19 248 1004<br \/>\nmarcus.friman@frimanmatkat.fi[\/vc_column_text]<div class=\"title title--big title--underline title--decoration-bottom-left\">\n\t\t\t<div class=\"title__subtitle\">Rekisterin nimi<\/div>\n\t\t<h3 class=\"title__primary\"><\/h3>\n<\/div>\n[vc_column_text]Frimanmatkat.fi asiakasrekisteri[\/vc_column_text]<div class=\"title title--big title--underline title--decoration-bottom-left\">\n\t\t\t<div class=\"title__subtitle\">Rekisterin pit\u00e4misen peruste<\/div>\n\t\t<h3 class=\"title__primary\"><\/h3>\n<\/div>\n[vc_column_text]Henkil\u00f6 on rekister\u00f6itynyt Hangon Liikenne, Friman &amp; Co:n asiakkaaksi tai tilannut matkoja Frimanmatkat.fi -verkkopalvelussa.[\/vc_column_text]<div class=\"title title--big title--underline title--decoration-bottom-left\">\n\t\t\t<div class=\"title__subtitle\">Rekisterin k\u00e4ytt\u00f6tarkoitus<\/div>\n\t\t<h3 class=\"title__primary\"><\/h3>\n<\/div>\n[vc_column_text]Rekisterin k\u00e4ytt\u00f6tarkoitus on Hangon Liikenne, Friman &amp; Co:n asiakasrekisterin yll\u00e4pit\u00e4minen sek\u00e4 asiakkaiden tilausten arkistointi ja k\u00e4sittely. Henkil\u00f6tietojen k\u00e4sittelyss\u00e4 noudatetaan henkil\u00f6tietolakia.<\/p>\n<p>Rekisterin tietoja voidaan k\u00e4ytt\u00e4\u00e4 Hangon Liikenne, Friman &amp; Co:n omissa rekistereiss\u00e4 mainonnan kohdistamiseen luovuttamatta henkil\u00f6tietoja ulkopuolisille tahoille. Hangon Liikenne, Friman &amp; Co:lla on oikeus julkaista asiakasrekisterin sis\u00e4lt\u00e4m\u00e4t tiedot s\u00e4hk\u00f6isen\u00e4 tai kirjallisena luettelona, ellei asiakas sit\u00e4 erityisesti kiell\u00e4. Luettelolla tarkoitetaan esim. postitustarroja suoramainoksiin. Asiakkaalla on oikeus kielt\u00e4\u00e4 tietojen julkaiseminen ilmoittamalla siit\u00e4 Hangon Liikenne, Friman &amp; Co:n asiakaspalveluun, s\u00e4hk\u00f6postitse info@frimanmatkat.fi tai rekisterinhoitajalle.[\/vc_column_text]<div class=\"title title--big title--underline title--decoration-bottom-left\">\n\t\t\t<div class=\"title__subtitle\">Rekisterin sis\u00e4lt\u00e4m\u00e4t tiedot<\/div>\n\t\t<h3 class=\"title__primary\"><\/h3>\n<\/div>\n[vc_column_text]Henkil\u00f6rekisteri sis\u00e4lt\u00e4\u00e4 seuraavia tietoja:<\/p>\n<p>Henkil\u00f6n etu- ja sukunimi<br \/>\nS\u00e4hk\u00f6postiosoite<br \/>\nPostiosoite<br \/>\nPuhelinnumero<br \/>\nTiedot k\u00e4sitellyist\u00e4 tilauksista<br \/>\nTilausten Postin seurantatiedot[\/vc_column_text]<div class=\"title title--big title--underline title--decoration-bottom-left\">\n\t\t\t<div class=\"title__subtitle\">Tietojen luovutus<\/div>\n\t\t<h3 class=\"title__primary\"><\/h3>\n<\/div>\n[vc_column_text]Tietoja ei luovuteta Hangon Liikenne, Friman &amp; Co:n ulkopuolelle. Rekister\u00f6ityneen henkil\u00f6tiedot h\u00e4vitet\u00e4\u00e4n k\u00e4ytt\u00e4j\u00e4n pyynn\u00f6st\u00e4.[\/vc_column_text]<div class=\"title title--big title--underline title--decoration-bottom-left\">\n\t\t\t<div class=\"title__subtitle\">Princip f\u00f6r registerskydd<\/div>\n\t\t<h3 class=\"title__primary\"><\/h3>\n<\/div>\n[vc_column_text]Personuppgifterna bevaras konfidentiellt. Anv\u00e4ndningsr\u00e4tt till registret kr\u00e4ver anv\u00e4ndningsr\u00e4tt till Hang\u00f6 Trafik, Friman &amp; Co:s interna n\u00e4tverk. Registret finns p\u00e5 Hang\u00f6 Trafik, Friman &amp; Co:s server som \u00e4r skyddad med l\u00f6senord.[\/vc_column_text][\/vc_column][\/vc_row][vc_row][vc_column][vc_separator][vc_empty_space height=&#8221;45px&#8221;]<div class=\"title title--big title--underline title--decoration-bottom-left\">\n\t\t\t<div class=\"title__subtitle\">Tutustu my\u00f6s n\u00e4ihin...<\/div>\n\t\t<h3 class=\"title__primary\"><\/h3>\n<\/div>\n[vc_basic_grid post_type=&#8221;ids&#8221; style=&#8221;lazy&#8221; items_per_page=&#8221;3&#8243; gap=&#8221;35&#8243; item=&#8221;11471&#8243; grid_id=&#8221;vc_gid:1515212560279-454d5b22-e6a7-3&#8243; include=&#8221;11538, 274, 154&#8243;][\/vc_column][\/vc_row]<\/p>\n<\/section>","protected":false},"excerpt":{"rendered":"<p>[vc_row][vc_column][vc_column_text]Henkil\u00f6tietolain (523\/1999) 10\u00a7:n mukainen rekisteriseloste.[\/vc_column_text][vc_column_text]Hangon Liikenne, Friman &amp; Co Santalantie 23 10960 Hanko Y-tunnus: 0103108-7[\/vc_column_text][vc_column_text]Marcus Friman puhelin +358 19 248 1004 marcus.friman@frimanmatkat.fi[\/vc_column_text][vc_column_text]Frimanmatkat.fi asiakasrekisteri[\/vc_column_text][vc_column_text]Henkil\u00f6 on rekister\u00f6itynyt Hangon Liikenne, Friman &amp; Co:n asiakkaaksi tai tilannut matkoja Frimanmatkat.fi -verkkopalvelussa.[\/vc_column_text][vc_column_text]Rekisterin k\u00e4ytt\u00f6tarkoitus on Hangon Liikenne, Friman &amp; Co:n asiakasrekisterin yll\u00e4pit\u00e4minen sek\u00e4 asiakkaiden tilausten arkistointi ja k\u00e4sittely. Henkil\u00f6tietojen k\u00e4sittelyss\u00e4 noudatetaan henkil\u00f6tietolakia.<\/p>\n<div class=\"padding-top text-center\"><a href=\"https:\/\/www.frimanresor.fi\/fi\/rekisteriseloste\/\" class=\"atbtn atbtn--medium atbtn--rounded atbtn--transparent\">Varaa nyt<i class=\"atbtn__icon atbtn__icon--right fa fa-long-arrow-right\"><\/i><\/a><\/div>\n","protected":false},"author":1,"featured_media":0,"parent":0,"menu_order":1,"comment_status":"open","ping_status":"open","template":"","meta":{"_expiration-date-status":"","_expiration-date":0,"_expiration-date-type":"","_expiration-date-categories":[],"_expiration-date-options":[]},"yoast_head":"<!-- This site is optimized with the Yoast SEO plugin v19.10 - https:\/\/yoast.com\/wordpress\/plugins\/seo\/ -->\n<title>Rekisteriseloste - Frimanmatkat.fi<\/title>\n<meta name=\"robots\" content=\"index, follow, max-snippet:-1, max-image-preview:large, max-video-preview:-1\" \/>\n<link rel=\"canonical\" href=\"https:\/\/www.frimanresor.fi\/fi\/rekisteriseloste\/\" \/>\n<meta property=\"og:locale\" content=\"fi_FI\" \/>\n<meta property=\"og:type\" content=\"article\" \/>\n<meta property=\"og:title\" content=\"Rekisteriseloste - Frimanmatkat.fi\" \/>\n<meta property=\"og:description\" content=\"[vc_row][vc_column][vc_column_text]Henkil\u00f6tietolain (523\/1999) 10\u00a7:n mukainen rekisteriseloste.[\/vc_column_text][vc_column_text]Hangon Liikenne, Friman &amp; Co Santalantie 23 10960 Hanko Y-tunnus: 0103108-7[\/vc_column_text][vc_column_text]Marcus Friman puhelin +358 19 248 1004 marcus.friman@frimanmatkat.fi[\/vc_column_text][vc_column_text]Frimanmatkat.fi asiakasrekisteri[\/vc_column_text][vc_column_text]Henkil\u00f6 on rekister\u00f6itynyt Hangon Liikenne, Friman &amp; Co:n asiakkaaksi tai tilannut matkoja Frimanmatkat.fi -verkkopalvelussa.[\/vc_column_text][vc_column_text]Rekisterin k\u00e4ytt\u00f6tarkoitus on Hangon Liikenne, Friman &amp; Co:n asiakasrekisterin yll\u00e4pit\u00e4minen sek\u00e4 asiakkaiden tilausten arkistointi ja k\u00e4sittely. Henkil\u00f6tietojen k\u00e4sittelyss\u00e4 noudatetaan henkil\u00f6tietolakia.Varaa nyt\" \/>\n<meta property=\"og:url\" content=\"https:\/\/www.frimanresor.fi\/fi\/rekisteriseloste\/\" \/>\n<meta property=\"og:site_name\" content=\"Frimanmatkat.fi\" \/>\n<meta property=\"article:modified_time\" content=\"2018-01-06T04:38:36+00:00\" \/>\n<meta name=\"twitter:card\" content=\"summary_large_image\" \/>\n<meta name=\"twitter:label1\" content=\"Arvioitu lukuaika\" \/>\n\t<meta name=\"twitter:data1\" content=\"2 minuuttia\" \/>\n<script type=\"application\/ld+json\" class=\"yoast-schema-graph\">{\"@context\":\"https:\/\/schema.org\",\"@graph\":[{\"@type\":\"WebPage\",\"@id\":\"https:\/\/www.frimanresor.fi\/fi\/rekisteriseloste\/\",\"url\":\"https:\/\/www.frimanresor.fi\/fi\/rekisteriseloste\/\",\"name\":\"Rekisteriseloste - Frimanmatkat.fi\",\"isPartOf\":{\"@id\":\"https:\/\/www.frimanresor.fi\/#website\"},\"datePublished\":\"2018-01-06T04:31:44+00:00\",\"dateModified\":\"2018-01-06T04:38:36+00:00\",\"breadcrumb\":{\"@id\":\"https:\/\/www.frimanresor.fi\/fi\/rekisteriseloste\/#breadcrumb\"},\"inLanguage\":\"fi\",\"potentialAction\":[{\"@type\":\"ReadAction\",\"target\":[\"https:\/\/www.frimanresor.fi\/fi\/rekisteriseloste\/\"]}]},{\"@type\":\"BreadcrumbList\",\"@id\":\"https:\/\/www.frimanresor.fi\/fi\/rekisteriseloste\/#breadcrumb\",\"itemListElement\":[{\"@type\":\"ListItem\",\"position\":1,\"name\":\"Hem\",\"item\":\"https:\/\/www.frimanresor.fi\/fi\/\"},{\"@type\":\"ListItem\",\"position\":2,\"name\":\"Rekisteriseloste\"}]},{\"@type\":\"WebSite\",\"@id\":\"https:\/\/www.frimanresor.fi\/#website\",\"url\":\"https:\/\/www.frimanresor.fi\/\",\"name\":\"Frimanmatkat.fi\",\"description\":\"Perinteit\u00e4 vaaliva moderni bussiyhti\u00f6\",\"potentialAction\":[{\"@type\":\"SearchAction\",\"target\":{\"@type\":\"EntryPoint\",\"urlTemplate\":\"https:\/\/www.frimanresor.fi\/?s={search_term_string}\"},\"query-input\":\"required name=search_term_string\"}],\"inLanguage\":\"fi\"}]}<\/script>\n<!-- \/ Yoast SEO plugin. -->","yoast_head_json":{"title":"Rekisteriseloste - Frimanmatkat.fi","robots":{"index":"index","follow":"follow","max-snippet":"max-snippet:-1","max-image-preview":"max-image-preview:large","max-video-preview":"max-video-preview:-1"},"canonical":"https:\/\/www.frimanresor.fi\/fi\/rekisteriseloste\/","og_locale":"fi_FI","og_type":"article","og_title":"Rekisteriseloste - Frimanmatkat.fi","og_description":"[vc_row][vc_column][vc_column_text]Henkil\u00f6tietolain (523\/1999) 10\u00a7:n mukainen rekisteriseloste.[\/vc_column_text][vc_column_text]Hangon Liikenne, Friman &amp; Co Santalantie 23 10960 Hanko Y-tunnus: 0103108-7[\/vc_column_text][vc_column_text]Marcus Friman puhelin +358 19 248 1004 marcus.friman@frimanmatkat.fi[\/vc_column_text][vc_column_text]Frimanmatkat.fi asiakasrekisteri[\/vc_column_text][vc_column_text]Henkil\u00f6 on rekister\u00f6itynyt Hangon Liikenne, Friman &amp; Co:n asiakkaaksi tai tilannut matkoja Frimanmatkat.fi -verkkopalvelussa.[\/vc_column_text][vc_column_text]Rekisterin k\u00e4ytt\u00f6tarkoitus on Hangon Liikenne, Friman &amp; Co:n asiakasrekisterin yll\u00e4pit\u00e4minen sek\u00e4 asiakkaiden tilausten arkistointi ja k\u00e4sittely. Henkil\u00f6tietojen k\u00e4sittelyss\u00e4 noudatetaan henkil\u00f6tietolakia.Varaa nyt","og_url":"https:\/\/www.frimanresor.fi\/fi\/rekisteriseloste\/","og_site_name":"Frimanmatkat.fi","article_modified_time":"2018-01-06T04:38:36+00:00","twitter_card":"summary_large_image","twitter_misc":{"Arvioitu lukuaika":"2 minuuttia"},"schema":{"@context":"https:\/\/schema.org","@graph":[{"@type":"WebPage","@id":"https:\/\/www.frimanresor.fi\/fi\/rekisteriseloste\/","url":"https:\/\/www.frimanresor.fi\/fi\/rekisteriseloste\/","name":"Rekisteriseloste - Frimanmatkat.fi","isPartOf":{"@id":"https:\/\/www.frimanresor.fi\/#website"},"datePublished":"2018-01-06T04:31:44+00:00","dateModified":"2018-01-06T04:38:36+00:00","breadcrumb":{"@id":"https:\/\/www.frimanresor.fi\/fi\/rekisteriseloste\/#breadcrumb"},"inLanguage":"fi","potentialAction":[{"@type":"ReadAction","target":["https:\/\/www.frimanresor.fi\/fi\/rekisteriseloste\/"]}]},{"@type":"BreadcrumbList","@id":"https:\/\/www.frimanresor.fi\/fi\/rekisteriseloste\/#breadcrumb","itemListElement":[{"@type":"ListItem","position":1,"name":"Hem","item":"https:\/\/www.frimanresor.fi\/fi\/"},{"@type":"ListItem","position":2,"name":"Rekisteriseloste"}]},{"@type":"WebSite","@id":"https:\/\/www.frimanresor.fi\/#website","url":"https:\/\/www.frimanresor.fi\/","name":"Frimanmatkat.fi","description":"Perinteit\u00e4 vaaliva moderni bussiyhti\u00f6","potentialAction":[{"@type":"SearchAction","target":{"@type":"EntryPoint","urlTemplate":"https:\/\/www.frimanresor.fi\/?s={search_term_string}"},"query-input":"required name=search_term_string"}],"inLanguage":"fi"}]}},"_links":{"self":[{"href":"https:\/\/www.frimanresor.fi\/fi\/wp-json\/wp\/v2\/pages\/13326"}],"collection":[{"href":"https:\/\/www.frimanresor.fi\/fi\/wp-json\/wp\/v2\/pages"}],"about":[{"href":"https:\/\/www.frimanresor.fi\/fi\/wp-json\/wp\/v2\/types\/page"}],"author":[{"embeddable":true,"href":"https:\/\/www.frimanresor.fi\/fi\/wp-json\/wp\/v2\/users\/1"}],"replies":[{"embeddable":true,"href":"https:\/\/www.frimanresor.fi\/fi\/wp-json\/wp\/v2\/comments?post=13326"}],"version-history":[{"count":0,"href":"https:\/\/www.frimanresor.fi\/fi\/wp-json\/wp\/v2\/pages\/13326\/revisions"}],"wp:attachment":[{"href":"https:\/\/www.frimanresor.fi\/fi\/wp-json\/wp\/v2\/media?parent=13326"}],"curies":[{"name":"wp","href":"https:\/\/api.w.org\/{rel}","templated":true}]}}