{"id":12979,"date":"2017-12-11T00:39:40","date_gmt":"2017-12-10T22:39:40","guid":{"rendered":"http:\/\/frimanresor.fi\/2019\/ota-yhteytta-2\/"},"modified":"2020-08-28T14:25:16","modified_gmt":"2020-08-28T11:25:16","slug":"ota-yhteytta","status":"publish","type":"page","link":"https:\/\/www.frimanresor.fi\/fi\/ota-yhteytta\/","title":{"rendered":"Ota yhteytt\u00e4"},"content":{"rendered":"<section class=\"wpb-content-wrapper\"><p>[vc_row el_class=&#8221;margin-bottom&#8221;][vc_column offset=&#8221;vc_col-md-6&#8243;]<div class=\"title\">\n\t\t\t<div class=\"title__subtitle\">Kiinnostunut yhteydenotosta?<\/div>\n\t\t<h3 class=\"title__primary\">Yhteystiedot<\/h3>\n<\/div>\n[vc_column_text]Oletko kiinnostunut palveluistamme ja kaipaat lis\u00e4tietoja, ole hyv\u00e4 ja ota yhteytt\u00e4 niin palaamme mahdollisimman pian. Jos olet suunnittelemassa ryhm\u00e4matkaa tai haluat varata linja-auton tapahtumaasi varten, ole yst\u00e4v\u00e4llinen ja <a href=\"https:\/\/www.frimanresor.fi\/fi\/tilausmatkat\/\">pyyd\u00e4 tarjous t\u00e4\u00e4lt\u00e4<\/a>.[\/vc_column_text][vc_tta_tabs][vc_tta_section title=&#8221;Friman Matkat&#8221; tab_id=&#8221;1512940935437-7fadc170-2d39&#8243;]<div class=\"contact-info\">\n\t\t\t<div class=\"contact-info__item\">\n\t\t\t<div class=\"contact-info__item__icon\"><i class=\"fa fa-map-marker\"><\/i><\/div>\n\t\t\t<div class=\"contact-info__item__text\">Santalantie 23, 10960 Hanko<\/div>\n\t\t<\/div>\n\t\n\t<div class=\"contact-info__item\"><a href=\"tel:+358192481004\"><span class=\"contact-info__item__icon\"><i class=\"fa fa-phone\"><\/i><\/span><span class=\"contact-info__item__text\">+358 19 248 1004<\/span><\/a><\/div>\n\t\n\t<div class=\"contact-info__item\"><a href=\"mailto:info@frimanmatkat.fi\"><span class=\"contact-info__item__icon\"><i class=\"fa fa-envelope contact-info__item__icon__email\"><\/i><\/span><span class=\"contact-info__item__text\">info@frimanmatkat.fi<\/span><\/a><\/div>\n\t<div class=\"contact-info__item\"><a href=\"skype:friman.resor\"><span class=\"contact-info__item__icon\"><i class=\"fa fa-skype\"><\/i><\/span><span class=\"contact-info__item__text\">friman.resor<\/span><\/a><\/div><\/div>\n[vc_empty_space height=&#8221;20px&#8221;][vc_column_text]<a href=\"https:\/\/www.frimanresor.fi\/fi\/tietoa-meista\/henkilosto\/\">Henkil\u00f6st\u00f6n yhteystiedot \u00bb<\/a>[\/vc_column_text][\/vc_tta_section][\/vc_tta_tabs][\/vc_column][vc_column offset=&#8221;vc_col-md-6&#8243;][vc_empty_space height=&#8221;40px&#8221; el_class=&#8221;visible-sm visible-xs&#8221;]<div class=\"title\">\n\t\t\t<div class=\"title__subtitle\">Onko sinulla kysytt\u00e4v\u00e4\u00e4?<\/div>\n\t\t<h3 class=\"title__primary\">Ota yhteytt\u00e4!<\/h3>\n<\/div>\n[vc_column_text]<div class=\"caldera-grid\" id=\"caldera_form_1\" data-cf-ver=\"1.9.2\" data-cf-form-id=\"CF5e463362d8a5d\"><div id=\"caldera_notices_1\" data-spinner=\"https:\/\/www.frimanresor.fi\/2019\/wp-admin\/images\/spinner.gif\"><\/div><form data-instance=\"1\" class=\"CF5e463362d8a5d caldera_forms_form cfajax-trigger\" method=\"POST\" enctype=\"multipart\/form-data\" id=\"CF5e463362d8a5d_1\" data-form-id=\"CF5e463362d8a5d\" aria-label=\"Ota yhteytt&auml;\" data-target=\"#caldera_notices_1\" data-template=\"#cfajax_CF5e463362d8a5d-tmpl\" data-cfajax=\"CF5e463362d8a5d\" data-load-element=\"_parent\" data-load-class=\"cf_processing\" data-post-disable=\"0\" data-action=\"cf_process_ajax_submit\" data-request=\"https:\/\/www.frimanresor.fi\/fi\/\/cf-api\/CF5e463362d8a5d\" data-hiderows=\"true\">\r\n<input type=\"hidden\" id=\"_cf_verify_CF5e463362d8a5d\" name=\"_cf_verify\" value=\"2e69a45739\"  data-nonce-time=\"1778998528\" \/><input type=\"hidden\" name=\"_wp_http_referer\" value=\"\/fi\/wp-json\/wp\/v2\/pages\/12979\" \/><div id=\"cf2-CF5e463362d8a5d_1\"><\/div><input type=\"hidden\" name=\"_cf_frm_id\" value=\"CF5e463362d8a5d\"\/>\r\n<input type=\"hidden\" name=\"_cf_frm_ct\" value=\"1\"\/>\r\n<input type=\"hidden\" name=\"cfajax\" value=\"CF5e463362d8a5d\"\/>\r\n<input type=\"hidden\" name=\"_cf_cr_pst\" value=\"12979\"\/>\r\n<div class=\"hide\" style=\"display:none; overflow:hidden;height:0;width:0;\">\r\n<label>Nimi<\/label><input type=\"text\" name=\"name\" value=\"\" autocomplete=\"off\"\/>\r\n<\/div><div id=\"CF5e463362d8a5d_1-row-1\"  class=\"row  first_row\"><div  class=\"col-sm-6  first_col\"><div data-field-wrapper=\"fld_8768091\" class=\"form-group\" id=\"fld_8768091_1-wrap\">\r\n\t<label id=\"fld_8768091Label\" for=\"fld_8768091_1\" class=\"control-label\">Etunimi<\/label>\r\n\t<div class=\"\">\r\n\t\t<input type=\"text\" data-field=\"fld_8768091\" class=\" form-control\" id=\"fld_8768091_1\" name=\"fld_8768091\" value=\"\" data-type=\"text\"   aria-labelledby=\"fld_8768091Label\"\/>\t\t\t<\/div>\r\n<\/div>\r\n<\/div><div  class=\"col-sm-6  last_col\"><div data-field-wrapper=\"fld_9970286\" class=\"form-group\" id=\"fld_9970286_1-wrap\">\r\n\t<label id=\"fld_9970286Label\" for=\"fld_9970286_1\" class=\"control-label\">Sukunimi<\/label>\r\n\t<div class=\"\">\r\n\t\t<input type=\"text\" data-field=\"fld_9970286\" class=\" form-control\" id=\"fld_9970286_1\" name=\"fld_9970286\" value=\"\" data-type=\"text\"   aria-labelledby=\"fld_9970286Label\"\/>\t\t\t<\/div>\r\n<\/div>\r\n<\/div><\/div><div id=\"CF5e463362d8a5d_1-row-2\"  class=\"row \"><div  class=\"col-sm-12  single\"><div data-field-wrapper=\"fld_6009157\" class=\"form-group\" id=\"fld_6009157_1-wrap\">\r\n\t<label id=\"fld_6009157Label\" for=\"fld_6009157_1\" class=\"control-label\">S\u00e4hk\u00f6posti<\/label>\r\n\t<div class=\"\">\r\n\t\t<input type=\"email\" data-field=\"fld_6009157\" class=\" form-control\" id=\"fld_6009157_1\" name=\"fld_6009157\" value=\"\" data-type=\"email\"   aria-labelledby=\"fld_6009157Label\"\/>\t\t\t<\/div>\r\n<\/div>\r\n<\/div><\/div><div id=\"CF5e463362d8a5d_1-row-3\"  class=\"row \"><div  class=\"col-sm-12  single\"><div data-field-wrapper=\"fld_7683514\" class=\"form-group\" id=\"fld_7683514_1-wrap\">\r\n\t<label id=\"fld_7683514Label\" for=\"fld_7683514_1\" class=\"control-label\">Viesti<\/label>\r\n\t<div class=\"\">\r\n\t\t<textarea name=\"fld_7683514\" value=\"\" data-field=\"fld_7683514\" class=\"form-control\" id=\"fld_7683514_1\" rows=\"7\"    aria-labelledby=\"fld_7683514Label\"><\/textarea>\n\t\t\t<\/div>\r\n<\/div>\r\n<div data-field-wrapper=\"fld_2494253\" class=\"form-group\" id=\"fld_2494253_1-wrap\">\r\n<label id=\"fld_2494253Label\" for=\"fld_2494253_1\" class=\"control-label\">Vastaa tarkistuskysymykseen <span aria-hidden=\"true\" role=\"presentation\" class=\"field_required\" style=\"color:#ee0000;\">*<\/span><\/label>\r\n\n\n<div class=\"\">\r\n\n<input required type=\"hidden\" data-field=\"fld_2494253\" class=\" form-control\" id=\"fld_2494253_1\" name=\"fld_2494253\" value=\"\" data-type=\"recaptcha\" aria-required=\"true\"   aria-labelledby=\"fld_2494253Label\"\/>\n\t<div id=\"capfld_2494253_1\" class=\"g-recaptcha\" data-sitekey=\"6LfhvdgUAAAAAI2zyC8BHDid9f2TaIsHiXa3ljk4\"><\/div>\n\n\n<\/div>\r\n\n<\/div>\r\n<\/div><\/div><div id=\"CF5e463362d8a5d_1-row-4\"  class=\"row  last_row\"><div  class=\"col-sm-12  single\"><hr id=\"fld_1268474_1\" class=\"\" style=\"width: 100%\" \/><div data-field-wrapper=\"fld_7908577\" class=\"form-group\" id=\"fld_7908577_1-wrap\">\r\n<div class=\"\">\r\n\t<input class=\"button button--style1 button--with-icon\" type=\"submit\" name=\"fld_7908577\" id=\"fld_7908577_1\" value=\"L\u00e4het\u00e4 viesti\" data-field=\"fld_7908577\"\/>\n<\/div>\r\n<\/div>\r\n\t<input class=\"button_trigger_1\" type=\"hidden\" name=\"fld_7908577\" id=\"fld_7908577_1_btn\" value=\"\" data-field=\"fld_7908577\"  \/>\n<\/div><\/div><\/form>\r\n<\/div>\r\n[\/vc_column_text][\/vc_column][\/vc_row]<\/p>\n<\/section>","protected":false},"excerpt":{"rendered":"<p>[vc_row el_class=&#8221;margin-bottom&#8221;][vc_column offset=&#8221;vc_col-md-6&#8243;][vc_column_text]Oletko kiinnostunut palveluistamme ja kaipaat lis\u00e4tietoja, ole hyv\u00e4 ja ota yhteytt\u00e4 niin palaamme mahdollisimman pian. Jos olet suunnittelemassa ryhm\u00e4matkaa tai haluat varata linja-auton tapahtumaasi varten, ole yst\u00e4v\u00e4llinen ja pyyd\u00e4 tarjous t\u00e4\u00e4lt\u00e4.[\/vc_column_text][vc_tta_tabs][vc_tta_section title=&#8221;Friman Matkat&#8221; tab_id=&#8221;1512940935437-7fadc170-2d39&#8243;][vc_empty_space height=&#8221;20px&#8221;][vc_column_text]Henkil\u00f6st\u00f6n yhteystiedot \u00bb[\/vc_column_text][\/vc_tta_section][\/vc_tta_tabs][\/vc_column][vc_column offset=&#8221;vc_col-md-6&#8243;][vc_empty_space height=&#8221;40px&#8221; el_class=&#8221;visible-sm visible-xs&#8221;][vc_column_text][\/vc_column_text][\/vc_column][\/vc_row]<\/p>\n","protected":false},"author":28,"featured_media":0,"parent":0,"menu_order":38,"comment_status":"open","ping_status":"open","template":"","meta":{"_expiration-date-status":"saved","_expiration-date":0,"_expiration-date-type":"","_expiration-date-categories":[],"_expiration-date-options":[]},"yoast_head":"<!-- This site is optimized with the Yoast SEO plugin v19.10 - https:\/\/yoast.com\/wordpress\/plugins\/seo\/ -->\n<title>Ota yhteytt\u00e4 - Frimanmatkat.fi<\/title>\n<meta name=\"robots\" content=\"index, follow, max-snippet:-1, max-image-preview:large, max-video-preview:-1\" \/>\n<link rel=\"canonical\" href=\"https:\/\/www.frimanresor.fi\/fi\/ota-yhteytta\/\" \/>\n<meta property=\"og:locale\" content=\"fi_FI\" \/>\n<meta property=\"og:type\" content=\"article\" \/>\n<meta property=\"og:title\" content=\"Ota yhteytt\u00e4 - Frimanmatkat.fi\" \/>\n<meta property=\"og:description\" content=\"[vc_row el_class=&#8221;margin-bottom&#8221;][vc_column offset=&#8221;vc_col-md-6&#8243;][vc_column_text]Oletko kiinnostunut palveluistamme ja kaipaat lis\u00e4tietoja, ole hyv\u00e4 ja ota yhteytt\u00e4 niin palaamme mahdollisimman pian. Jos olet suunnittelemassa ryhm\u00e4matkaa tai haluat varata linja-auton tapahtumaasi varten, ole yst\u00e4v\u00e4llinen ja pyyd\u00e4 tarjous t\u00e4\u00e4lt\u00e4.[\/vc_column_text][vc_tta_tabs][vc_tta_section title=&#8221;Friman Matkat&#8221; tab_id=&#8221;1512940935437-7fadc170-2d39&#8243;][vc_empty_space height=&#8221;20px&#8221;][vc_column_text]Henkil\u00f6st\u00f6n yhteystiedot \u00bb[\/vc_column_text][\/vc_tta_section][\/vc_tta_tabs][\/vc_column][vc_column offset=&#8221;vc_col-md-6&#8243;][vc_empty_space height=&#8221;40px&#8221; el_class=&#8221;visible-sm visible-xs&#8221;][vc_column_text][\/vc_column_text][\/vc_column][\/vc_row]\" \/>\n<meta property=\"og:url\" content=\"https:\/\/www.frimanresor.fi\/fi\/ota-yhteytta\/\" \/>\n<meta property=\"og:site_name\" content=\"Frimanmatkat.fi\" \/>\n<meta property=\"article:modified_time\" content=\"2020-08-28T11:25:16+00:00\" \/>\n<meta name=\"twitter:card\" content=\"summary_large_image\" \/>\n<meta name=\"twitter:label1\" content=\"Arvioitu lukuaika\" \/>\n\t<meta name=\"twitter:data1\" content=\"1 minuutti\" \/>\n<script type=\"application\/ld+json\" class=\"yoast-schema-graph\">{\"@context\":\"https:\/\/schema.org\",\"@graph\":[{\"@type\":\"WebPage\",\"@id\":\"https:\/\/www.frimanresor.fi\/fi\/ota-yhteytta\/\",\"url\":\"https:\/\/www.frimanresor.fi\/fi\/ota-yhteytta\/\",\"name\":\"Ota yhteytt\u00e4 - Frimanmatkat.fi\",\"isPartOf\":{\"@id\":\"https:\/\/www.frimanresor.fi\/#website\"},\"datePublished\":\"2017-12-10T22:39:40+00:00\",\"dateModified\":\"2020-08-28T11:25:16+00:00\",\"breadcrumb\":{\"@id\":\"https:\/\/www.frimanresor.fi\/fi\/ota-yhteytta\/#breadcrumb\"},\"inLanguage\":\"fi\",\"potentialAction\":[{\"@type\":\"ReadAction\",\"target\":[\"https:\/\/www.frimanresor.fi\/fi\/ota-yhteytta\/\"]}]},{\"@type\":\"BreadcrumbList\",\"@id\":\"https:\/\/www.frimanresor.fi\/fi\/ota-yhteytta\/#breadcrumb\",\"itemListElement\":[{\"@type\":\"ListItem\",\"position\":1,\"name\":\"Hem\",\"item\":\"https:\/\/www.frimanresor.fi\/fi\/\"},{\"@type\":\"ListItem\",\"position\":2,\"name\":\"Ota yhteytt\u00e4\"}]},{\"@type\":\"WebSite\",\"@id\":\"https:\/\/www.frimanresor.fi\/#website\",\"url\":\"https:\/\/www.frimanresor.fi\/\",\"name\":\"Frimanmatkat.fi\",\"description\":\"Perinteit\u00e4 vaaliva moderni bussiyhti\u00f6\",\"potentialAction\":[{\"@type\":\"SearchAction\",\"target\":{\"@type\":\"EntryPoint\",\"urlTemplate\":\"https:\/\/www.frimanresor.fi\/?s={search_term_string}\"},\"query-input\":\"required name=search_term_string\"}],\"inLanguage\":\"fi\"}]}<\/script>\n<!-- \/ Yoast SEO plugin. -->","yoast_head_json":{"title":"Ota yhteytt\u00e4 - Frimanmatkat.fi","robots":{"index":"index","follow":"follow","max-snippet":"max-snippet:-1","max-image-preview":"max-image-preview:large","max-video-preview":"max-video-preview:-1"},"canonical":"https:\/\/www.frimanresor.fi\/fi\/ota-yhteytta\/","og_locale":"fi_FI","og_type":"article","og_title":"Ota yhteytt\u00e4 - Frimanmatkat.fi","og_description":"[vc_row el_class=&#8221;margin-bottom&#8221;][vc_column offset=&#8221;vc_col-md-6&#8243;][vc_column_text]Oletko kiinnostunut palveluistamme ja kaipaat lis\u00e4tietoja, ole hyv\u00e4 ja ota yhteytt\u00e4 niin palaamme mahdollisimman pian. Jos olet suunnittelemassa ryhm\u00e4matkaa tai haluat varata linja-auton tapahtumaasi varten, ole yst\u00e4v\u00e4llinen ja pyyd\u00e4 tarjous t\u00e4\u00e4lt\u00e4.[\/vc_column_text][vc_tta_tabs][vc_tta_section title=&#8221;Friman Matkat&#8221; tab_id=&#8221;1512940935437-7fadc170-2d39&#8243;][vc_empty_space height=&#8221;20px&#8221;][vc_column_text]Henkil\u00f6st\u00f6n yhteystiedot \u00bb[\/vc_column_text][\/vc_tta_section][\/vc_tta_tabs][\/vc_column][vc_column offset=&#8221;vc_col-md-6&#8243;][vc_empty_space height=&#8221;40px&#8221; el_class=&#8221;visible-sm visible-xs&#8221;][vc_column_text][\/vc_column_text][\/vc_column][\/vc_row]","og_url":"https:\/\/www.frimanresor.fi\/fi\/ota-yhteytta\/","og_site_name":"Frimanmatkat.fi","article_modified_time":"2020-08-28T11:25:16+00:00","twitter_card":"summary_large_image","twitter_misc":{"Arvioitu lukuaika":"1 minuutti"},"schema":{"@context":"https:\/\/schema.org","@graph":[{"@type":"WebPage","@id":"https:\/\/www.frimanresor.fi\/fi\/ota-yhteytta\/","url":"https:\/\/www.frimanresor.fi\/fi\/ota-yhteytta\/","name":"Ota yhteytt\u00e4 - Frimanmatkat.fi","isPartOf":{"@id":"https:\/\/www.frimanresor.fi\/#website"},"datePublished":"2017-12-10T22:39:40+00:00","dateModified":"2020-08-28T11:25:16+00:00","breadcrumb":{"@id":"https:\/\/www.frimanresor.fi\/fi\/ota-yhteytta\/#breadcrumb"},"inLanguage":"fi","potentialAction":[{"@type":"ReadAction","target":["https:\/\/www.frimanresor.fi\/fi\/ota-yhteytta\/"]}]},{"@type":"BreadcrumbList","@id":"https:\/\/www.frimanresor.fi\/fi\/ota-yhteytta\/#breadcrumb","itemListElement":[{"@type":"ListItem","position":1,"name":"Hem","item":"https:\/\/www.frimanresor.fi\/fi\/"},{"@type":"ListItem","position":2,"name":"Ota yhteytt\u00e4"}]},{"@type":"WebSite","@id":"https:\/\/www.frimanresor.fi\/#website","url":"https:\/\/www.frimanresor.fi\/","name":"Frimanmatkat.fi","description":"Perinteit\u00e4 vaaliva moderni bussiyhti\u00f6","potentialAction":[{"@type":"SearchAction","target":{"@type":"EntryPoint","urlTemplate":"https:\/\/www.frimanresor.fi\/?s={search_term_string}"},"query-input":"required name=search_term_string"}],"inLanguage":"fi"}]}},"_links":{"self":[{"href":"https:\/\/www.frimanresor.fi\/fi\/wp-json\/wp\/v2\/pages\/12979"}],"collection":[{"href":"https:\/\/www.frimanresor.fi\/fi\/wp-json\/wp\/v2\/pages"}],"about":[{"href":"https:\/\/www.frimanresor.fi\/fi\/wp-json\/wp\/v2\/types\/page"}],"author":[{"embeddable":true,"href":"https:\/\/www.frimanresor.fi\/fi\/wp-json\/wp\/v2\/users\/28"}],"replies":[{"embeddable":true,"href":"https:\/\/www.frimanresor.fi\/fi\/wp-json\/wp\/v2\/comments?post=12979"}],"version-history":[{"count":2,"href":"https:\/\/www.frimanresor.fi\/fi\/wp-json\/wp\/v2\/pages\/12979\/revisions"}],"predecessor-version":[{"id":16562,"href":"https:\/\/www.frimanresor.fi\/fi\/wp-json\/wp\/v2\/pages\/12979\/revisions\/16562"}],"wp:attachment":[{"href":"https:\/\/www.frimanresor.fi\/fi\/wp-json\/wp\/v2\/media?parent=12979"}],"curies":[{"name":"wp","href":"https:\/\/api.w.org\/{rel}","templated":true}]}}