{"id":11817,"date":"2017-12-03T20:32:40","date_gmt":"2017-12-03T18:32:40","guid":{"rendered":"http:\/\/frimanresor.fi\/2019\/tietoa-meista\/"},"modified":"2019-07-01T18:48:29","modified_gmt":"2019-07-01T15:48:29","slug":"tietoa-meista","status":"publish","type":"page","link":"https:\/\/www.frimanresor.fi\/fi\/tietoa-meista\/","title":{"rendered":"Tietoa Friman matkoista"},"content":{"rendered":"<section class=\"wpb-content-wrapper\"><p>[vc_row][vc_column]<div class=\"title title--big title--underline title--decoration-bottom-left\">\n\t\t\t<div class=\"title__subtitle\">Perinteit\u00e4 vaaliva moderni matkanj\u00e4rjest\u00e4j\u00e4<\/div>\n\t\t<h3 class=\"title__primary\"><\/h3>\n<\/div>\n[\/vc_column][\/vc_row][vc_row][vc_column width=&#8221;1\/2&#8243;][vc_column_text]Hangon Liikenne, Friman &amp; Co on vuonna 1967 perustettu perheyhti\u00f6. Yhti\u00f6n perustaja, Valdemar Friman, teki ensimm\u00e4isen linja-autohankintansa vuonna 1939. Nykyisin yhti\u00f6t\u00e4 johtavat Marcus Friman ja Magnus Berglund, Valdemarin lapsenlapset.[\/vc_column_text][vc_single_image image=&#8221;15040&#8243; img_size=&#8221;large&#8221; add_caption=&#8221;yes&#8221; alignment=&#8221;center&#8221;][vc_column_text]Linja-autoja on t\u00e4n\u00e4 p\u00e4iv\u00e4n\u00e4 yhteens\u00e4 kahdeksan. Kalusto on korkeatasoinen ja uudenaikainen. Pienimm\u00e4ss\u00e4 linja-autossa on 19 paikkaa ja suurimmassa 50.[\/vc_column_text][vc_column_text]Hangon Liikenne on vuodesta 1995 l\u00e4htien rekister\u00f6ity matkanj\u00e4rjest\u00e4j\u00e4, jonka matkatuotanto kulkee Friman Matkat nimen alla. Teemme omia pakettimatkoja sek\u00e4 kotimaassa ett\u00e4 ulkomaille ja r\u00e4\u00e4t\u00e4l\u00f6imme my\u00f6s matkoja asiakkaidemme toivomusten mukaan.[\/vc_column_text][\/vc_column][vc_column width=&#8221;1\/2&#8243;][vc_message message_box_color=&#8221;chino&#8221; icon_fontawesome=&#8221;fa fa-bus&#8221;]<\/p>\n<div class=\"et_lb_note-content clearfix\">\n<h3>Friman Matkojen tuotteita \u2013 sinun iloksesi<\/h3>\n<ul>\n<li>Meid\u00e4n bussillamme tai omalla kyydill\u00e4si<\/li>\n<\/ul>\n<p><strong>Kokous- ja yritysmatkat<br \/>\n<\/strong><br \/>\n<strong>P\u00e4iv\u00e4retket L\u00e4nsi-Uudellemaalle<\/strong><\/p>\n<p><strong>Retki- ja matkaohjelmat teemojen mukaisesti, esim.:<\/strong><\/p>\n<ul>\n<li>Historia<\/li>\n<li>Ruoka<\/li>\n<li>Luonto<\/li>\n<li>Melonta<\/li>\n<\/ul>\n<p><strong>R\u00e4\u00e4t\u00e4lity\u00f6n\u00e4 tehdyt matkaohjelmat \u2013 juuri niinkuin sin\u00e4 haluat<\/strong><\/p>\n<p><strong>Matkat ulkomaille<\/strong><\/p>\n<ul>\n<li>Spa-resor till Estland<\/li>\n<li>Julmarknaderna i Tyskland<\/li>\n<li>Foto- och skrivarresa till Leros, Grekland<\/li>\n<li>Italiens konstskatter<\/li>\n<li>Spaniens sol<\/li>\n<li>Skr\u00e4ddarsydda grupp- och f\u00f6retagsresor<\/li>\n<\/ul>\n<p>Friman Resor \u00e4r en registrerad researrang\u00f6r, reg.nr. KUVI 3050\/00\/MjMv<\/p>\n<\/div>\n<p>[\/vc_message][\/vc_column][\/vc_row][vc_row][vc_column][\/vc_column][\/vc_row][vc_row][vc_column]<div class=\"title title--big title--underline title--decoration-bottom-left\">\n\t\t\t<div class=\"title__subtitle\">Tutustu my\u00f6s n\u00e4ihin...<\/div>\n\t\t<h3 class=\"title__primary\"><\/h3>\n<\/div>\n[vc_basic_grid post_type=&#8221;ids&#8221; style=&#8221;lazy&#8221; items_per_page=&#8221;4&#8243; element_width=&#8221;3&#8243; gap=&#8221;35&#8243; item=&#8221;11471&#8243; grid_id=&#8221;vc_gid:1561996086069-0acdd493-c474-0&#8243; include=&#8221;274, 29, 159, 154&#8243;][\/vc_column][\/vc_row]<\/p>\n<\/section>","protected":false},"excerpt":{"rendered":"<p>Hangon Liikenne, Friman &#038; Co on vuonna 1967 toimintansa aloittanut perheyhti\u00f6. Friman Matkat on vuodesta 1995 l\u00e4htien rekister\u00f6ity matkanj\u00e4rjest\u00e4j\u00e4.<\/p>\n","protected":false},"author":1,"featured_media":11527,"parent":0,"menu_order":108,"comment_status":"closed","ping_status":"closed","template":"","meta":{"_expiration-date-status":"saved","_expiration-date":0,"_expiration-date-type":"","_expiration-date-categories":[],"_expiration-date-options":[]},"yoast_head":"<!-- This site is optimized with the Yoast SEO plugin v19.10 - https:\/\/yoast.com\/wordpress\/plugins\/seo\/ -->\n<title>Tietoa Friman matkoista - Frimanmatkat.fi<\/title>\n<meta name=\"robots\" content=\"index, follow, max-snippet:-1, max-image-preview:large, max-video-preview:-1\" \/>\n<link rel=\"canonical\" href=\"https:\/\/www.frimanresor.fi\/fi\/tietoa-meista\/\" \/>\n<meta property=\"og:locale\" content=\"fi_FI\" \/>\n<meta property=\"og:type\" content=\"article\" \/>\n<meta property=\"og:title\" content=\"Tietoa Friman matkoista - Frimanmatkat.fi\" \/>\n<meta property=\"og:description\" content=\"Hangon Liikenne, Friman &amp; Co on vuonna 1967 toimintansa aloittanut perheyhti\u00f6. Friman Matkat on vuodesta 1995 l\u00e4htien rekister\u00f6ity matkanj\u00e4rjest\u00e4j\u00e4.\" \/>\n<meta property=\"og:url\" content=\"https:\/\/www.frimanresor.fi\/fi\/tietoa-meista\/\" \/>\n<meta property=\"og:site_name\" content=\"Frimanmatkat.fi\" \/>\n<meta property=\"article:modified_time\" content=\"2019-07-01T15:48:29+00:00\" \/>\n<meta property=\"og:image\" content=\"https:\/\/www.frimanresor.fi\/2019\/wp-content\/uploads\/2014\/03\/marcus_i_bussen-scaled.jpg\" \/>\n\t<meta property=\"og:image:width\" content=\"2560\" \/>\n\t<meta property=\"og:image:height\" content=\"1485\" \/>\n\t<meta property=\"og:image:type\" content=\"image\/jpeg\" \/>\n<meta name=\"twitter:card\" content=\"summary_large_image\" \/>\n<meta name=\"twitter:label1\" content=\"Arvioitu lukuaika\" \/>\n\t<meta name=\"twitter:data1\" content=\"2 minuuttia\" \/>\n<script type=\"application\/ld+json\" class=\"yoast-schema-graph\">{\"@context\":\"https:\/\/schema.org\",\"@graph\":[{\"@type\":\"WebPage\",\"@id\":\"https:\/\/www.frimanresor.fi\/fi\/tietoa-meista\/\",\"url\":\"https:\/\/www.frimanresor.fi\/fi\/tietoa-meista\/\",\"name\":\"Tietoa Friman matkoista - Frimanmatkat.fi\",\"isPartOf\":{\"@id\":\"https:\/\/www.frimanresor.fi\/#website\"},\"datePublished\":\"2017-12-03T18:32:40+00:00\",\"dateModified\":\"2019-07-01T15:48:29+00:00\",\"breadcrumb\":{\"@id\":\"https:\/\/www.frimanresor.fi\/fi\/tietoa-meista\/#breadcrumb\"},\"inLanguage\":\"fi\",\"potentialAction\":[{\"@type\":\"ReadAction\",\"target\":[\"https:\/\/www.frimanresor.fi\/fi\/tietoa-meista\/\"]}]},{\"@type\":\"BreadcrumbList\",\"@id\":\"https:\/\/www.frimanresor.fi\/fi\/tietoa-meista\/#breadcrumb\",\"itemListElement\":[{\"@type\":\"ListItem\",\"position\":1,\"name\":\"Hem\",\"item\":\"https:\/\/www.frimanresor.fi\/fi\/\"},{\"@type\":\"ListItem\",\"position\":2,\"name\":\"Tietoa Friman matkoista\"}]},{\"@type\":\"WebSite\",\"@id\":\"https:\/\/www.frimanresor.fi\/#website\",\"url\":\"https:\/\/www.frimanresor.fi\/\",\"name\":\"Frimanmatkat.fi\",\"description\":\"Perinteit\u00e4 vaaliva moderni bussiyhti\u00f6\",\"potentialAction\":[{\"@type\":\"SearchAction\",\"target\":{\"@type\":\"EntryPoint\",\"urlTemplate\":\"https:\/\/www.frimanresor.fi\/?s={search_term_string}\"},\"query-input\":\"required name=search_term_string\"}],\"inLanguage\":\"fi\"}]}<\/script>\n<!-- \/ Yoast SEO plugin. -->","yoast_head_json":{"title":"Tietoa Friman matkoista - Frimanmatkat.fi","robots":{"index":"index","follow":"follow","max-snippet":"max-snippet:-1","max-image-preview":"max-image-preview:large","max-video-preview":"max-video-preview:-1"},"canonical":"https:\/\/www.frimanresor.fi\/fi\/tietoa-meista\/","og_locale":"fi_FI","og_type":"article","og_title":"Tietoa Friman matkoista - Frimanmatkat.fi","og_description":"Hangon Liikenne, Friman & Co on vuonna 1967 toimintansa aloittanut perheyhti\u00f6. Friman Matkat on vuodesta 1995 l\u00e4htien rekister\u00f6ity matkanj\u00e4rjest\u00e4j\u00e4.","og_url":"https:\/\/www.frimanresor.fi\/fi\/tietoa-meista\/","og_site_name":"Frimanmatkat.fi","article_modified_time":"2019-07-01T15:48:29+00:00","og_image":[{"width":2560,"height":1485,"url":"https:\/\/www.frimanresor.fi\/2019\/wp-content\/uploads\/2014\/03\/marcus_i_bussen-scaled.jpg","type":"image\/jpeg"}],"twitter_card":"summary_large_image","twitter_misc":{"Arvioitu lukuaika":"2 minuuttia"},"schema":{"@context":"https:\/\/schema.org","@graph":[{"@type":"WebPage","@id":"https:\/\/www.frimanresor.fi\/fi\/tietoa-meista\/","url":"https:\/\/www.frimanresor.fi\/fi\/tietoa-meista\/","name":"Tietoa Friman matkoista - Frimanmatkat.fi","isPartOf":{"@id":"https:\/\/www.frimanresor.fi\/#website"},"datePublished":"2017-12-03T18:32:40+00:00","dateModified":"2019-07-01T15:48:29+00:00","breadcrumb":{"@id":"https:\/\/www.frimanresor.fi\/fi\/tietoa-meista\/#breadcrumb"},"inLanguage":"fi","potentialAction":[{"@type":"ReadAction","target":["https:\/\/www.frimanresor.fi\/fi\/tietoa-meista\/"]}]},{"@type":"BreadcrumbList","@id":"https:\/\/www.frimanresor.fi\/fi\/tietoa-meista\/#breadcrumb","itemListElement":[{"@type":"ListItem","position":1,"name":"Hem","item":"https:\/\/www.frimanresor.fi\/fi\/"},{"@type":"ListItem","position":2,"name":"Tietoa Friman matkoista"}]},{"@type":"WebSite","@id":"https:\/\/www.frimanresor.fi\/#website","url":"https:\/\/www.frimanresor.fi\/","name":"Frimanmatkat.fi","description":"Perinteit\u00e4 vaaliva moderni bussiyhti\u00f6","potentialAction":[{"@type":"SearchAction","target":{"@type":"EntryPoint","urlTemplate":"https:\/\/www.frimanresor.fi\/?s={search_term_string}"},"query-input":"required name=search_term_string"}],"inLanguage":"fi"}]}},"_links":{"self":[{"href":"https:\/\/www.frimanresor.fi\/fi\/wp-json\/wp\/v2\/pages\/11817"}],"collection":[{"href":"https:\/\/www.frimanresor.fi\/fi\/wp-json\/wp\/v2\/pages"}],"about":[{"href":"https:\/\/www.frimanresor.fi\/fi\/wp-json\/wp\/v2\/types\/page"}],"author":[{"embeddable":true,"href":"https:\/\/www.frimanresor.fi\/fi\/wp-json\/wp\/v2\/users\/1"}],"replies":[{"embeddable":true,"href":"https:\/\/www.frimanresor.fi\/fi\/wp-json\/wp\/v2\/comments?post=11817"}],"version-history":[{"count":0,"href":"https:\/\/www.frimanresor.fi\/fi\/wp-json\/wp\/v2\/pages\/11817\/revisions"}],"wp:featuredmedia":[{"embeddable":true,"href":"https:\/\/www.frimanresor.fi\/fi\/wp-json\/wp\/v2\/media\/11527"}],"wp:attachment":[{"href":"https:\/\/www.frimanresor.fi\/fi\/wp-json\/wp\/v2\/media?parent=11817"}],"curies":[{"name":"wp","href":"https:\/\/api.w.org\/{rel}","templated":true}]}}