{"id":1082,"date":"2014-04-21T19:01:25","date_gmt":"2014-04-21T16:01:25","guid":{"rendered":"http:\/\/frimanresor.fi\/2019\/?page_id=1082"},"modified":"2022-08-02T09:06:52","modified_gmt":"2022-08-02T06:06:52","slug":"hanko-lappohja-road-25","status":"publish","type":"page","link":"https:\/\/www.frimanresor.fi\/en\/timetables\/hanko-lappohja-road-25\/","title":{"rendered":"Hanko &#8211; Lappohja (road 25)"},"content":{"rendered":"<table border=\"1\" cellspacing=\"0\" cellpadding=\"5\">\n<tbody>\n<tr bgcolor=\"#cccccc\">\n<td><\/td>\n<td><\/td>\n<td><b>M-F during school weeks<br \/>\n<\/b><\/td>\n<td><b>M-F+<\/b><\/td>\n<\/tr>\n<tr bgcolor=\"#FFFFFF\">\n<td bgcolor=\"#DCEEFF\">Hanko<\/td>\n<td><img decoding=\"async\" src=\"http:\/\/frimanresor.fi\/2019\/img\/arrow_down.gif\" alt=\"\" \/><\/td>\n<td align=\"left\">07:07<b> <sup>1<\/sup><\/b><\/td>\n<td align=\"left\">7:20<\/td>\n<\/tr>\n<tr bgcolor=\"#FFFFFF\">\n<td bgcolor=\"#DCEEFF\">Krogars<\/td>\n<td><img decoding=\"async\" src=\"http:\/\/frimanresor.fi\/2019\/img\/arrow_down.gif\" alt=\"\" \/><\/td>\n<td align=\"left\">07:20<b> <\/b><\/td>\n<td align=\"left\">7:30<\/td>\n<\/tr>\n<tr bgcolor=\"#FFFFFF\">\n<td bgcolor=\"#DCEEFF\">Lappohja<\/td>\n<td><img decoding=\"async\" src=\"http:\/\/frimanresor.fi\/2019\/img\/arrow_down.gif\" alt=\"\" \/><\/td>\n<td align=\"left\">07:25<\/td>\n<td align=\"left\">7:35<\/td>\n<\/tr>\n<\/tbody>\n<\/table>\n<p>&nbsp;<\/p>\n<table border=\"0\" width=\"100%\" cellspacing=\"0\" cellpadding=\"5\">\n<tbody>\n<tr>\n<td colspan=\"2\">From 16.8.2022<\/td>\n<\/tr>\n<tr>\n<td><b>1<\/b><\/td>\n<td>From the corner of the Esplanaadi and Halmstadinkatu, drives along the Esplanaadi<\/td>\n<\/tr>\n<tr>\n<td><b>\u00f6<\/b><\/td>\n<td>The bus stop at the \u00d6by crossing<\/td>\n<\/tr>\n<tr>\n<td><b>M-F+<\/b><\/td>\n<td>Monday &#8211; Friday during schoolyear (Axxell Karjaa)<\/td>\n<\/tr>\n<tr>\n<td colspan=\"2\">The Lappohja times are from S\u00e5gars if else not mentioned<\/td>\n<\/tr>\n<\/tbody>\n<\/table>\n<p>&nbsp;<\/p>\n","protected":false},"excerpt":{"rendered":"<p>M-F during school weeks M-F+ Hanko 07:07 1 7:20 Krogars 07:20 7:30 Lappohja 07:25 7:35 &nbsp; From 16.8.2022 1 From the corner of the Esplanaadi and Halmstadinkatu, drives along the Esplanaadi \u00f6 The bus stop at the \u00d6by crossing M-F+ Monday &#8211; Friday during schoolyear (Axxell Karjaa) The Lappohja times are from S\u00e5gars if else<\/p>\n<div class=\"padding-top text-center\"><a href=\"https:\/\/www.frimanresor.fi\/en\/timetables\/hanko-lappohja-road-25\/\" class=\"atbtn atbtn--medium atbtn--rounded atbtn--transparent\">Boka nu<i class=\"atbtn__icon atbtn__icon--right fa fa-long-arrow-right\"><\/i><\/a><\/div>\n","protected":false},"author":1,"featured_media":0,"parent":962,"menu_order":73,"comment_status":"open","ping_status":"open","template":"template-boxed.php","meta":{"_expiration-date-status":"saved","_expiration-date":0,"_expiration-date-type":"","_expiration-date-categories":[],"_expiration-date-options":[]},"yoast_head":"<!-- This site is optimized with the Yoast SEO plugin v19.10 - https:\/\/yoast.com\/wordpress\/plugins\/seo\/ -->\n<title>Hanko - Lappohja (road 25) - Timetables - Frimantravel.fi<\/title>\n<meta name=\"robots\" content=\"index, follow, max-snippet:-1, max-image-preview:large, max-video-preview:-1\" \/>\n<link rel=\"canonical\" href=\"https:\/\/www.frimanresor.fi\/en\/timetables\/hanko-lappohja-road-25\/\" \/>\n<meta property=\"og:locale\" content=\"en_US\" \/>\n<meta property=\"og:type\" content=\"article\" \/>\n<meta property=\"og:title\" content=\"Hanko - Lappohja (road 25) - Timetables - Frimantravel.fi\" \/>\n<meta property=\"og:description\" content=\"M-F during school weeks M-F+ Hanko 07:07 1 7:20 Krogars 07:20 7:30 Lappohja 07:25 7:35 &nbsp; From 16.8.2022 1 From the corner of the Esplanaadi and Halmstadinkatu, drives along the Esplanaadi \u00f6 The bus stop at the \u00d6by crossing M-F+ Monday &#8211; Friday during schoolyear (Axxell Karjaa) The Lappohja times are from S\u00e5gars if elseBoka nu\" \/>\n<meta property=\"og:url\" content=\"https:\/\/www.frimanresor.fi\/en\/timetables\/hanko-lappohja-road-25\/\" \/>\n<meta property=\"og:site_name\" content=\"Frimantravel.fi\" \/>\n<meta property=\"article:modified_time\" content=\"2022-08-02T06:06:52+00:00\" \/>\n<meta property=\"og:image\" content=\"http:\/\/frimanresor.fi\/2019\/img\/arrow_down.gif\" \/>\n<meta name=\"twitter:card\" content=\"summary_large_image\" \/>\n<script type=\"application\/ld+json\" class=\"yoast-schema-graph\">{\"@context\":\"https:\/\/schema.org\",\"@graph\":[{\"@type\":\"WebPage\",\"@id\":\"https:\/\/www.frimanresor.fi\/en\/timetables\/hanko-lappohja-road-25\/\",\"url\":\"https:\/\/www.frimanresor.fi\/en\/timetables\/hanko-lappohja-road-25\/\",\"name\":\"Hanko - Lappohja (road 25) - Timetables - Frimantravel.fi\",\"isPartOf\":{\"@id\":\"https:\/\/www.frimanresor.fi\/#website\"},\"datePublished\":\"2014-04-21T16:01:25+00:00\",\"dateModified\":\"2022-08-02T06:06:52+00:00\",\"breadcrumb\":{\"@id\":\"https:\/\/www.frimanresor.fi\/en\/timetables\/hanko-lappohja-road-25\/#breadcrumb\"},\"inLanguage\":\"en-US\",\"potentialAction\":[{\"@type\":\"ReadAction\",\"target\":[\"https:\/\/www.frimanresor.fi\/en\/timetables\/hanko-lappohja-road-25\/\"]}]},{\"@type\":\"BreadcrumbList\",\"@id\":\"https:\/\/www.frimanresor.fi\/en\/timetables\/hanko-lappohja-road-25\/#breadcrumb\",\"itemListElement\":[{\"@type\":\"ListItem\",\"position\":1,\"name\":\"Hem\",\"item\":\"https:\/\/www.frimanresor.fi\/en\/\"},{\"@type\":\"ListItem\",\"position\":2,\"name\":\"Timetables\",\"item\":\"https:\/\/www.frimanresor.fi\/en\/timetables\/\"},{\"@type\":\"ListItem\",\"position\":3,\"name\":\"Hanko &#8211; Lappohja (road 25)\"}]},{\"@type\":\"WebSite\",\"@id\":\"https:\/\/www.frimanresor.fi\/#website\",\"url\":\"https:\/\/www.frimanresor.fi\/\",\"name\":\"Frimantravel.fi\",\"description\":\"Ett modernt bussbolag med traditioner\",\"potentialAction\":[{\"@type\":\"SearchAction\",\"target\":{\"@type\":\"EntryPoint\",\"urlTemplate\":\"https:\/\/www.frimanresor.fi\/?s={search_term_string}\"},\"query-input\":\"required name=search_term_string\"}],\"inLanguage\":\"en-US\"}]}<\/script>\n<!-- \/ Yoast SEO plugin. -->","yoast_head_json":{"title":"Hanko - Lappohja (road 25) - Timetables - Frimantravel.fi","robots":{"index":"index","follow":"follow","max-snippet":"max-snippet:-1","max-image-preview":"max-image-preview:large","max-video-preview":"max-video-preview:-1"},"canonical":"https:\/\/www.frimanresor.fi\/en\/timetables\/hanko-lappohja-road-25\/","og_locale":"en_US","og_type":"article","og_title":"Hanko - Lappohja (road 25) - Timetables - Frimantravel.fi","og_description":"M-F during school weeks M-F+ Hanko 07:07 1 7:20 Krogars 07:20 7:30 Lappohja 07:25 7:35 &nbsp; From 16.8.2022 1 From the corner of the Esplanaadi and Halmstadinkatu, drives along the Esplanaadi \u00f6 The bus stop at the \u00d6by crossing M-F+ Monday &#8211; Friday during schoolyear (Axxell Karjaa) The Lappohja times are from S\u00e5gars if elseBoka nu","og_url":"https:\/\/www.frimanresor.fi\/en\/timetables\/hanko-lappohja-road-25\/","og_site_name":"Frimantravel.fi","article_modified_time":"2022-08-02T06:06:52+00:00","og_image":[{"url":"http:\/\/frimanresor.fi\/2019\/img\/arrow_down.gif"}],"twitter_card":"summary_large_image","schema":{"@context":"https:\/\/schema.org","@graph":[{"@type":"WebPage","@id":"https:\/\/www.frimanresor.fi\/en\/timetables\/hanko-lappohja-road-25\/","url":"https:\/\/www.frimanresor.fi\/en\/timetables\/hanko-lappohja-road-25\/","name":"Hanko - Lappohja (road 25) - Timetables - Frimantravel.fi","isPartOf":{"@id":"https:\/\/www.frimanresor.fi\/#website"},"datePublished":"2014-04-21T16:01:25+00:00","dateModified":"2022-08-02T06:06:52+00:00","breadcrumb":{"@id":"https:\/\/www.frimanresor.fi\/en\/timetables\/hanko-lappohja-road-25\/#breadcrumb"},"inLanguage":"en-US","potentialAction":[{"@type":"ReadAction","target":["https:\/\/www.frimanresor.fi\/en\/timetables\/hanko-lappohja-road-25\/"]}]},{"@type":"BreadcrumbList","@id":"https:\/\/www.frimanresor.fi\/en\/timetables\/hanko-lappohja-road-25\/#breadcrumb","itemListElement":[{"@type":"ListItem","position":1,"name":"Hem","item":"https:\/\/www.frimanresor.fi\/en\/"},{"@type":"ListItem","position":2,"name":"Timetables","item":"https:\/\/www.frimanresor.fi\/en\/timetables\/"},{"@type":"ListItem","position":3,"name":"Hanko &#8211; Lappohja (road 25)"}]},{"@type":"WebSite","@id":"https:\/\/www.frimanresor.fi\/#website","url":"https:\/\/www.frimanresor.fi\/","name":"Frimantravel.fi","description":"Ett modernt bussbolag med traditioner","potentialAction":[{"@type":"SearchAction","target":{"@type":"EntryPoint","urlTemplate":"https:\/\/www.frimanresor.fi\/?s={search_term_string}"},"query-input":"required name=search_term_string"}],"inLanguage":"en-US"}]}},"_links":{"self":[{"href":"https:\/\/www.frimanresor.fi\/en\/wp-json\/wp\/v2\/pages\/1082"}],"collection":[{"href":"https:\/\/www.frimanresor.fi\/en\/wp-json\/wp\/v2\/pages"}],"about":[{"href":"https:\/\/www.frimanresor.fi\/en\/wp-json\/wp\/v2\/types\/page"}],"author":[{"embeddable":true,"href":"https:\/\/www.frimanresor.fi\/en\/wp-json\/wp\/v2\/users\/1"}],"replies":[{"embeddable":true,"href":"https:\/\/www.frimanresor.fi\/en\/wp-json\/wp\/v2\/comments?post=1082"}],"version-history":[{"count":2,"href":"https:\/\/www.frimanresor.fi\/en\/wp-json\/wp\/v2\/pages\/1082\/revisions"}],"predecessor-version":[{"id":17188,"href":"https:\/\/www.frimanresor.fi\/en\/wp-json\/wp\/v2\/pages\/1082\/revisions\/17188"}],"up":[{"embeddable":true,"href":"https:\/\/www.frimanresor.fi\/en\/wp-json\/wp\/v2\/pages\/962"}],"wp:attachment":[{"href":"https:\/\/www.frimanresor.fi\/en\/wp-json\/wp\/v2\/media?parent=1082"}],"curies":[{"name":"wp","href":"https:\/\/api.w.org\/{rel}","templated":true}]}}