{"id":13021,"date":"2017-12-18T03:25:19","date_gmt":"2017-12-18T01:25:19","guid":{"rendered":"http:\/\/frimanresor.fi\/2019\/start\/"},"modified":"2019-07-01T18:53:47","modified_gmt":"2019-07-01T15:53:47","slug":"start","status":"publish","type":"page","link":"https:\/\/www.frimanresor.fi\/de\/","title":{"rendered":"Friman Travel &#8211; Die Firma"},"content":{"rendered":"<section class=\"wpb-content-wrapper\"><p>[vc_row][vc_column]<div class=\"title title--big title--underline title--decoration-bottom-left\">\n\t\t\t<div class=\"title__subtitle\">Eine moderne Autobusgesellschaft mit Traditionen<\/div>\n\t\t<h3 class=\"title__primary\"><\/h3>\n<\/div>\n[\/vc_column][\/vc_row][vc_row][vc_column width=&#8220;1\/2&#8243;][vc_column_text]Der Gr\u00fcnder der Firma Valdemar Friman hat im Jahre 1939 seinen ersten Bus gekauft. Er hat im anderen Weltkrieg mit einem Bus als Ambulance teilgenommen. Nach dem Krieg startete er den Linienverkehr zwischen Tammisaari und Tenhola. Im Jahre 1958 hat er die Firma von Tenhol nach Hanko verlegt. Im Jahre 1967 wurde die Firma Hang\u00f6 Trafik, Friman &amp; Co gegr\u00fcndet.[\/vc_column_text][vc_column_text]Der Buspark besteht aus modernen Bussen, davon sind die H\u00e4lfte mit klimaanlagen ausger\u00fcstet, zwei haben auch einen Invalidenlift. Der kleinste Bus hat 19 und der gr\u00f6sste 50 Sitzpl\u00e4tze.[\/vc_column_text][vc_column_text]Hang\u00f6 Trafik ist seit 1995 ein registrierter Reiseveranstalter. Wir produzieren eigene Paketreisen sowle speziell zugeschnittene Reisen nach Kundenwunsch.<\/p>\n<p>Leider haben wir zur Zeit kein information auf Deutsch. Bitte besuchen Sie unsere Seite auf\u00a0<a href=\"http:\/\/www.frimantravel.fi\/en\/\">English<\/a>.[\/vc_column_text][\/vc_column][vc_column width=&#8220;1\/2&#8243;][vc_single_image image=&#8220;392&#8243; img_size=&#8220;large&#8220; add_caption=&#8220;yes&#8220; alignment=&#8220;center&#8220;][\/vc_column][\/vc_row][vc_row][vc_column][\/vc_column][\/vc_row]<\/p>\n<\/section>","protected":false},"excerpt":{"rendered":"<p>[vc_row][vc_column][\/vc_column][\/vc_row][vc_row][vc_column width=&#8220;1\/2&#8243;][vc_column_text]Der Gr\u00fcnder der Firma Valdemar Friman hat im Jahre 1939 seinen ersten Bus gekauft. Er hat im anderen Weltkrieg mit einem Bus als Ambulance teilgenommen. Nach dem Krieg startete er den Linienverkehr zwischen Tammisaari und Tenhola. Im Jahre 1958 hat er die Firma von Tenhol nach Hanko verlegt. Im Jahre 1967 wurde die Firma<\/p>\n<div class=\"padding-top text-center\"><a href=\"https:\/\/www.frimanresor.fi\/de\/\" class=\"atbtn atbtn--medium atbtn--rounded atbtn--transparent\">Boka nu<i class=\"atbtn__icon atbtn__icon--right fa fa-long-arrow-right\"><\/i><\/a><\/div>\n","protected":false},"author":28,"featured_media":0,"parent":0,"menu_order":4,"comment_status":"open","ping_status":"open","template":"","meta":{"_expiration-date-status":"saved","_expiration-date":0,"_expiration-date-type":"","_expiration-date-categories":[],"_expiration-date-options":[]},"yoast_head":"<!-- This site is optimized with the Yoast SEO plugin v19.10 - https:\/\/yoast.com\/wordpress\/plugins\/seo\/ -->\n<title>Friman Travel - Die Firma - Frimantravel.fi<\/title>\n<meta name=\"robots\" content=\"index, follow, max-snippet:-1, max-image-preview:large, max-video-preview:-1\" \/>\n<link rel=\"canonical\" href=\"https:\/\/www.frimanresor.fi\/de\/\" \/>\n<meta property=\"og:locale\" content=\"de_DE\" \/>\n<meta property=\"og:type\" content=\"article\" \/>\n<meta property=\"og:title\" content=\"Friman Travel - Die Firma - Frimantravel.fi\" \/>\n<meta property=\"og:description\" content=\"[vc_row][vc_column][\/vc_column][\/vc_row][vc_row][vc_column width=&#8220;1\/2&#8243;][vc_column_text]Der Gr\u00fcnder der Firma Valdemar Friman hat im Jahre 1939 seinen ersten Bus gekauft. Er hat im anderen Weltkrieg mit einem Bus als Ambulance teilgenommen. Nach dem Krieg startete er den Linienverkehr zwischen Tammisaari und Tenhola. Im Jahre 1958 hat er die Firma von Tenhol nach Hanko verlegt. Im Jahre 1967 wurde die FirmaBoka nu\" \/>\n<meta property=\"og:url\" content=\"https:\/\/www.frimanresor.fi\/de\/\" \/>\n<meta property=\"og:site_name\" content=\"Frimantravel.fi\" \/>\n<meta property=\"article:modified_time\" content=\"2019-07-01T15:53:47+00:00\" \/>\n<meta name=\"twitter:card\" content=\"summary_large_image\" \/>\n<meta name=\"twitter:label1\" content=\"Gesch\u00e4tzte Lesezeit\" \/>\n\t<meta name=\"twitter:data1\" content=\"1\u00a0Minute\" \/>\n<script type=\"application\/ld+json\" class=\"yoast-schema-graph\">{\"@context\":\"https:\/\/schema.org\",\"@graph\":[{\"@type\":\"WebPage\",\"@id\":\"https:\/\/www.frimanresor.fi\/de\/\",\"url\":\"https:\/\/www.frimanresor.fi\/de\/\",\"name\":\"Friman Travel - Die Firma - Frimantravel.fi\",\"isPartOf\":{\"@id\":\"https:\/\/www.frimanresor.fi\/#website\"},\"datePublished\":\"2017-12-18T01:25:19+00:00\",\"dateModified\":\"2019-07-01T15:53:47+00:00\",\"breadcrumb\":{\"@id\":\"https:\/\/www.frimanresor.fi\/de\/#breadcrumb\"},\"inLanguage\":\"de\",\"potentialAction\":[{\"@type\":\"ReadAction\",\"target\":[\"https:\/\/www.frimanresor.fi\/de\/\"]}]},{\"@type\":\"BreadcrumbList\",\"@id\":\"https:\/\/www.frimanresor.fi\/de\/#breadcrumb\",\"itemListElement\":[{\"@type\":\"ListItem\",\"position\":1,\"name\":\"Hem\",\"item\":\"https:\/\/www.frimanresor.fi\/de\/\"},{\"@type\":\"ListItem\",\"position\":2,\"name\":\"Friman Travel &#8211; Die Firma\"}]},{\"@type\":\"WebSite\",\"@id\":\"https:\/\/www.frimanresor.fi\/#website\",\"url\":\"https:\/\/www.frimanresor.fi\/\",\"name\":\"Frimantravel.fi\",\"description\":\"Eine moderne Autobusgesellschaft mit Traditionen\",\"potentialAction\":[{\"@type\":\"SearchAction\",\"target\":{\"@type\":\"EntryPoint\",\"urlTemplate\":\"https:\/\/www.frimanresor.fi\/?s={search_term_string}\"},\"query-input\":\"required name=search_term_string\"}],\"inLanguage\":\"de\"}]}<\/script>\n<!-- \/ Yoast SEO plugin. -->","yoast_head_json":{"title":"Friman Travel - Die Firma - Frimantravel.fi","robots":{"index":"index","follow":"follow","max-snippet":"max-snippet:-1","max-image-preview":"max-image-preview:large","max-video-preview":"max-video-preview:-1"},"canonical":"https:\/\/www.frimanresor.fi\/de\/","og_locale":"de_DE","og_type":"article","og_title":"Friman Travel - Die Firma - Frimantravel.fi","og_description":"[vc_row][vc_column][\/vc_column][\/vc_row][vc_row][vc_column width=&#8220;1\/2&#8243;][vc_column_text]Der Gr\u00fcnder der Firma Valdemar Friman hat im Jahre 1939 seinen ersten Bus gekauft. Er hat im anderen Weltkrieg mit einem Bus als Ambulance teilgenommen. Nach dem Krieg startete er den Linienverkehr zwischen Tammisaari und Tenhola. Im Jahre 1958 hat er die Firma von Tenhol nach Hanko verlegt. Im Jahre 1967 wurde die FirmaBoka nu","og_url":"https:\/\/www.frimanresor.fi\/de\/","og_site_name":"Frimantravel.fi","article_modified_time":"2019-07-01T15:53:47+00:00","twitter_card":"summary_large_image","twitter_misc":{"Gesch\u00e4tzte Lesezeit":"1\u00a0Minute"},"schema":{"@context":"https:\/\/schema.org","@graph":[{"@type":"WebPage","@id":"https:\/\/www.frimanresor.fi\/de\/","url":"https:\/\/www.frimanresor.fi\/de\/","name":"Friman Travel - Die Firma - Frimantravel.fi","isPartOf":{"@id":"https:\/\/www.frimanresor.fi\/#website"},"datePublished":"2017-12-18T01:25:19+00:00","dateModified":"2019-07-01T15:53:47+00:00","breadcrumb":{"@id":"https:\/\/www.frimanresor.fi\/de\/#breadcrumb"},"inLanguage":"de","potentialAction":[{"@type":"ReadAction","target":["https:\/\/www.frimanresor.fi\/de\/"]}]},{"@type":"BreadcrumbList","@id":"https:\/\/www.frimanresor.fi\/de\/#breadcrumb","itemListElement":[{"@type":"ListItem","position":1,"name":"Hem","item":"https:\/\/www.frimanresor.fi\/de\/"},{"@type":"ListItem","position":2,"name":"Friman Travel &#8211; Die Firma"}]},{"@type":"WebSite","@id":"https:\/\/www.frimanresor.fi\/#website","url":"https:\/\/www.frimanresor.fi\/","name":"Frimantravel.fi","description":"Eine moderne Autobusgesellschaft mit Traditionen","potentialAction":[{"@type":"SearchAction","target":{"@type":"EntryPoint","urlTemplate":"https:\/\/www.frimanresor.fi\/?s={search_term_string}"},"query-input":"required name=search_term_string"}],"inLanguage":"de"}]}},"_links":{"self":[{"href":"https:\/\/www.frimanresor.fi\/de\/wp-json\/wp\/v2\/pages\/13021"}],"collection":[{"href":"https:\/\/www.frimanresor.fi\/de\/wp-json\/wp\/v2\/pages"}],"about":[{"href":"https:\/\/www.frimanresor.fi\/de\/wp-json\/wp\/v2\/types\/page"}],"author":[{"embeddable":true,"href":"https:\/\/www.frimanresor.fi\/de\/wp-json\/wp\/v2\/users\/28"}],"replies":[{"embeddable":true,"href":"https:\/\/www.frimanresor.fi\/de\/wp-json\/wp\/v2\/comments?post=13021"}],"version-history":[{"count":0,"href":"https:\/\/www.frimanresor.fi\/de\/wp-json\/wp\/v2\/pages\/13021\/revisions"}],"wp:attachment":[{"href":"https:\/\/www.frimanresor.fi\/de\/wp-json\/wp\/v2\/media?parent=13021"}],"curies":[{"name":"wp","href":"https:\/\/api.w.org\/{rel}","templated":true}]}}